{"id":2208,"date":"2020-03-02T15:31:59","date_gmt":"2020-03-02T14:31:59","guid":{"rendered":"https:\/\/www.doraturamanerbiese.it\/tipi-di-trattamento\/"},"modified":"2021-03-25T23:12:42","modified_gmt":"2021-03-25T22:12:42","slug":"bearbeitungsarten","status":"publish","type":"page","link":"https:\/\/www.doraturamanerbiese.it\/de\/bearbeitungsarten\/","title":{"rendered":"Bearbeitungsarten"},"content":{"rendered":"<div class=\"wpb-content-wrapper\"><p>[vc_row css=&#8220;.vc_custom_1579510701983{margin-top: 50px !important;margin-bottom: 0px !important;}&#8220;][vc_column][vc_column_text]Galvanische Behandlungen oder galvanische B\u00e4der sind Techniken der elektrochemischen Abscheidung von d\u00fcnnen Schichten eines Metalls oder einer Legierung in der Weise, dass die \u00e4sthetischen und technischen Eigenschaften der Oberfl\u00e4che ver\u00e4ndert und verbessert werden. Die galvanische Behandlung von Metallen hat eine Schutzfunktion und verbessert die intrinsischen mechanischen Eigenschaften des Produkts, da sie die Korrosionsbest\u00e4ndigkeit und die technische Leistung erh\u00f6ht.<br \/>\nDoratura Manerbiese f\u00fchrt galvanische Behandlungen auf allen Metalloberfl\u00e4chen durch Abscheidung von Silber, Gold, Zinn, Kupfer und Nickel durch.<br \/>\nWir sind auf das SILBERN und Vergolden von Dekorationsartikeln (Aufh\u00e4nger, Griffe, Besteck, Kunstguss und Ziergegenst\u00e4nde) und technischen Artikeln (Ventile, Muttern, Armaturen und elektrische Kontakte) spezialisiert.<br \/>\nWir verf\u00fcgen \u00fcber zwei galvanische Rahmensysteme, ein automatisches und ein manuelles; eines davon ist speziell f\u00fcr die Abscheidung von Silber, Zinn und dickem Kupfer f\u00fcr elektrische, mechanische und elektromechanische Teile ausgelegt.<br \/>\nUnsere Ausr\u00fcstung erm\u00f6glicht uns die Durchf\u00fchrung von Behandlungen von: VERSILBERUNG, VERGOLDUNG, VERNICKELUNG, SCHWARZVERNICKELUNG, VERKUPFERUNG UND VERZINNUNG. Alle Behandlungen werden durchgef\u00fchrt an: Eisen und Eisenlegierungen, Kupfer und Kupferlegierungen, Edelstahl (rostfreier Stahl).[\/vc_column_text][\/vc_column][\/vc_row][vc_row css=&#8220;.vc_custom_1579510697009{margin-top: 10px !important;margin-bottom: 100px !important;}&#8220; el_class=&#8220;servizi-home&#8220;][vc_column width=&#8220;1\/3&#8243;]<div class=\"clearboth\"><\/div><style>#thegem-divider-69e2f88ddb51a {margin-top: 30px !important;}<\/style><div id=\"thegem-divider-69e2f88ddb51a\" class=\"gem-divider  \" style=\"\" ><\/div><div class=\"gem-textbox \"  ><div class=\"gem-textbox-picture centered-box\"><a href=\"https:\/\/www.doraturamanerbiese.it\/wp-content\/uploads\/2019\/11\/argentatura-doratura-manerbiese.jpg\" class=\"fancy\"><img src=\"https:\/\/www.doraturamanerbiese.it\/wp-content\/uploads\/2019\/11\/argentatura-doratura-manerbiese.jpg\" alt=\"argentatura doratura manerbiese\" class=\"img-responsive\" \/><\/a><\/div><div class=\"gem-textbox-inner gem-textbox-after-image\" style=\"\"><div class=\"gem-textbox-content\" style=\"background-position: left top;padding-left: 0px;padding-right: 0px;\">[vc_column_text]<\/p>\n<div class=\"title-h5\">Silber<\/div>\n<p>[\/vc_column_text][vc_column_text]Die Eigenschaften der Beschichtungen (H\u00e4rte, Dicke, Farbe, kristallines Korn usw. ) sind strikt abh\u00e4ngig von der Beschaffenheit der Badezimmer, der Temperatur, den elektrischen Bedingungen und einem eventuellen mechanischen Geh\u00e4use.[\/vc_column_text]<div class=\"clearboth\"><\/div><style>#thegem-divider-69e2f88ddb717 {margin-top: 35px !important;}<\/style><div id=\"thegem-divider-69e2f88ddb717\" class=\"gem-divider  \" style=\"\" ><\/div><style type=\"text\/css\">.thegem-button-69e2f88ddb7bc1174 .gem-button svg {fill: #ffffff;}.thegem-button-69e2f88ddb7bc1174 .gem-button:hover svg {fill: #fab500;}<\/style><div class=\"gem-button-container gem-button-position-left thegem-button-69e2f88ddb7bc1174    \"  ><a title=\"Argentatura\" class=\"gem-button gem-button-size-small gem-button-style-flat gem-button-text-weight-normal\" data-ll-effect=\"drop-right-without-wrap\" style=\"border-radius: 3px;background-color: #fbba00;color: #ffffff;\" onmouseleave=\"this.style.backgroundColor='#fbba00';this.style.color='#ffffff';\" onmouseenter=\"this.style.backgroundColor='#2c2c2c';this.style.color='#fab500';\" href=\"https:\/\/www.doraturamanerbiese.it\/de\/silber\/\" target=\"_self\">Mehr Informationen<\/a><\/div> <\/div><\/div><\/div>[\/vc_column][vc_column width=&#8220;1\/3&#8243;]<div class=\"clearboth\"><\/div><style>#thegem-divider-69e2f88ddb828 {margin-top: 30px !important;}<\/style><div id=\"thegem-divider-69e2f88ddb828\" class=\"gem-divider  \" style=\"\" ><\/div><div class=\"gem-textbox \"  ><div class=\"gem-textbox-picture centered-box\"><a href=\"https:\/\/www.doraturamanerbiese.it\/wp-content\/uploads\/2020\/01\/doratura-copertina.jpg\" class=\"fancy\"><img src=\"https:\/\/www.doraturamanerbiese.it\/wp-content\/uploads\/2020\/01\/doratura-copertina.jpg\" alt=\"doratura copertina\" class=\"img-responsive\" \/><\/a><\/div><div class=\"gem-textbox-inner gem-textbox-after-image\" style=\"\"><div class=\"gem-textbox-content\" style=\"background-position: left top;padding-left: 0px;padding-right: 0px;\">[vc_column_text]<\/p>\n<div class=\"title-h5\">Vergoldung<\/div>\n<p>[\/vc_column_text][vc_column_text]Manerbiese <strong>vergoldet auch<\/strong> bei grossen Abmessungen auf Stahl, denn unsere Technik und Erfahrung hat uns dazu gebracht, z.B. Stahlplatten, Stahlbleche, Profile und Rahmen zu vergolden.[\/vc_column_text]<div class=\"clearboth\"><\/div><style>#thegem-divider-69e2f88ddb9b5 {margin-top: 35px !important;}<\/style><div id=\"thegem-divider-69e2f88ddb9b5\" class=\"gem-divider  \" style=\"\" ><\/div><style type=\"text\/css\">.thegem-button-69e2f88ddba2c6758 .gem-button svg {fill: #ffffff;}.thegem-button-69e2f88ddba2c6758 .gem-button:hover svg {fill: #fab500;}<\/style><div class=\"gem-button-container gem-button-position-left thegem-button-69e2f88ddba2c6758    \"  ><a title=\"Doratura su acciaio\" class=\"gem-button gem-button-size-small gem-button-style-flat gem-button-text-weight-normal\" data-ll-effect=\"drop-right-without-wrap\" style=\"border-radius: 3px;background-color: #fbba00;color: #ffffff;\" onmouseleave=\"this.style.backgroundColor='#fbba00';this.style.color='#ffffff';\" onmouseenter=\"this.style.backgroundColor='#2c2c2c';this.style.color='#fab500';\" href=\"https:\/\/www.doraturamanerbiese.it\/de\/vergoldung\/\" target=\"_self\">Mehr Informationen<\/a><\/div> <\/div><\/div><\/div>[\/vc_column][vc_column width=&#8220;1\/3&#8243;]<div class=\"clearboth\"><\/div><style>#thegem-divider-69e2f88ddba73 {margin-top: 30px !important;}<\/style><div id=\"thegem-divider-69e2f88ddba73\" class=\"gem-divider  \" style=\"\" ><\/div><div class=\"gem-textbox \"  ><div class=\"gem-textbox-picture centered-box\"><a href=\"https:\/\/www.doraturamanerbiese.it\/wp-content\/uploads\/2019\/12\/nichelatura-metalli-copertina.jpg\" class=\"fancy\"><img src=\"https:\/\/www.doraturamanerbiese.it\/wp-content\/uploads\/2019\/12\/nichelatura-metalli-copertina.jpg\" alt=\"nichelatura metalli copertina\" class=\"img-responsive\" \/><\/a><\/div><div class=\"gem-textbox-inner gem-textbox-after-image\" style=\"\"><div class=\"gem-textbox-content\" style=\"background-position: left top;padding-left: 0px;padding-right: 0px;\">[vc_column_text]<\/p>\n<div class=\"title-h5\">Nichelierung<\/div>\n<p>[\/vc_column_text][vc_column_text]Die Vernickelung ist eine galvanische Behandlung, die durch die Umwandlung der Anode Nickel in Nickelionen erfolgt. Die Nickelionen durchlaufen die Vernicklungsl\u00f6sung und entladen sich auf der Oberfl\u00e4che des Nickelst\u00fccks (Kathode), wo sie sich wieder in metallisches Nickel umwandeln.[\/vc_column_text]<div class=\"clearboth\"><\/div><style>#thegem-divider-69e2f88ddbbdf {margin-top: 35px !important;}<\/style><div id=\"thegem-divider-69e2f88ddbbdf\" class=\"gem-divider  \" style=\"\" ><\/div><style type=\"text\/css\">.thegem-button-69e2f88ddbc547008 .gem-button svg {fill: #ffffff;}.thegem-button-69e2f88ddbc547008 .gem-button:hover svg {fill: #fab500;}<\/style><div class=\"gem-button-container gem-button-position-left thegem-button-69e2f88ddbc547008    \"  ><a title=\"Nichelatura\" class=\"gem-button gem-button-size-small gem-button-style-flat gem-button-text-weight-normal\" data-ll-effect=\"drop-right-without-wrap\" style=\"border-radius: 3px;background-color: #fbba00;color: #ffffff;\" onmouseleave=\"this.style.backgroundColor='#fbba00';this.style.color='#ffffff';\" onmouseenter=\"this.style.backgroundColor='#2c2c2c';this.style.color='#fab500';\" href=\"https:\/\/www.doraturamanerbiese.it\/de\/nichelierung\/\" target=\"_self\">Mehr Informationen<\/a><\/div> <\/div><\/div><\/div>[\/vc_column][vc_column width=&#8220;1\/3&#8243;]<div class=\"clearboth\"><\/div><style>#thegem-divider-69e2f88ddbc97 {margin-top: 30px !important;}<\/style><div id=\"thegem-divider-69e2f88ddbc97\" class=\"gem-divider  \" style=\"\" ><\/div><div class=\"gem-textbox \"  ><div class=\"gem-textbox-picture centered-box\"><a href=\"https:\/\/www.doraturamanerbiese.it\/wp-content\/uploads\/2019\/12\/nichelatura-nera-copertina.jpg\" class=\"fancy\"><img src=\"https:\/\/www.doraturamanerbiese.it\/wp-content\/uploads\/2019\/12\/nichelatura-nera-copertina.jpg\" alt=\"nichelatura nera copertina\" class=\"img-responsive\" \/><\/a><\/div><div class=\"gem-textbox-inner gem-textbox-after-image\" style=\"\"><div class=\"gem-textbox-content\" style=\"background-position: left top;padding-left: 0px;padding-right: 0px;\">[vc_column_text]<\/p>\n<div class=\"title-h5\">SCHWARZVERNICKELUNG<\/div>\n<p>[\/vc_column_text][vc_column_text]Die Schwarzvernickelung wird f\u00fcr dekorative Zwecke verwendet, da sie aufgrund der feinen Ablagerungen keine hohen Schutzqualit\u00e4ten aufweist. Au\u00dferdem verleiht es den behandelten Oberfl\u00e4chen ein unverwechselbares schwarzes und gl\u00e4nzendes Aussehen, das auf Kadmium- und Zinkobjekten am besten zur Geltung kommt.[\/vc_column_text]<div class=\"clearboth\"><\/div><style>#thegem-divider-69e2f88ddbe06 {margin-top: 35px !important;}<\/style><div id=\"thegem-divider-69e2f88ddbe06\" class=\"gem-divider  \" style=\"\" ><\/div><style type=\"text\/css\">.thegem-button-69e2f88ddbe718722 .gem-button svg {fill: #ffffff;}.thegem-button-69e2f88ddbe718722 .gem-button:hover svg {fill: #fab500;}<\/style><div class=\"gem-button-container gem-button-position-left thegem-button-69e2f88ddbe718722    \"  ><a title=\"Nichelatura\" class=\"gem-button gem-button-size-small gem-button-style-flat gem-button-text-weight-normal\" data-ll-effect=\"drop-right-without-wrap\" style=\"border-radius: 3px;background-color: #fbba00;color: #ffffff;\" onmouseleave=\"this.style.backgroundColor='#fbba00';this.style.color='#ffffff';\" onmouseenter=\"this.style.backgroundColor='#2c2c2c';this.style.color='#fab500';\" href=\"https:\/\/www.doraturamanerbiese.it\/de\/nichelierung\/#nera\" target=\"_self\">Mehr Informationen<\/a><\/div> <\/div><\/div><\/div>[\/vc_column][vc_column width=&#8220;1\/3&#8243;]<div class=\"clearboth\"><\/div><style>#thegem-divider-69e2f88ddbeb0 {margin-top: 30px !important;}<\/style><div id=\"thegem-divider-69e2f88ddbeb0\" class=\"gem-divider  \" style=\"\" ><\/div><div class=\"gem-textbox \"  ><div class=\"gem-textbox-picture centered-box\"><a href=\"https:\/\/www.doraturamanerbiese.it\/wp-content\/uploads\/2019\/12\/ramatura-metalli.jpg\" class=\"fancy\"><img src=\"https:\/\/www.doraturamanerbiese.it\/wp-content\/uploads\/2019\/12\/ramatura-metalli.jpg\" alt=\"ramatura metalli\" class=\"img-responsive\" \/><\/a><\/div><div class=\"gem-textbox-inner gem-textbox-after-image\" style=\"\"><div class=\"gem-textbox-content\" style=\"background-position: left top;padding-left: 0px;padding-right: 0px;\">[vc_column_text]<\/p>\n<div class=\"title-h5\">Ramatur<\/div>\n<p>[\/vc_column_text][vc_column_text]Die Verkupferung als sch\u00fctzendes Metallbearbeitungsverfahren spielt eine weit verbreitete und wichtige Rolle, denn obwohl sie keine Schutzschicht als Selbstzweck bietet, ist sie eine optimale Zwischenschicht f\u00fcr die nachfolgende Verarbeitung: die Vernickelung.[\/vc_column_text]<div class=\"clearboth\"><\/div><style>#thegem-divider-69e2f88ddc01c {margin-top: 35px !important;}<\/style><div id=\"thegem-divider-69e2f88ddc01c\" class=\"gem-divider  \" style=\"\" ><\/div><style type=\"text\/css\">.thegem-button-69e2f88ddc0863955 .gem-button svg {fill: #ffffff;}.thegem-button-69e2f88ddc0863955 .gem-button:hover svg {fill: #fab500;}<\/style><div class=\"gem-button-container gem-button-position-left thegem-button-69e2f88ddc0863955    \"  ><a title=\"Ramatura\" class=\"gem-button gem-button-size-small gem-button-style-flat gem-button-text-weight-normal\" data-ll-effect=\"drop-right-without-wrap\" style=\"border-radius: 3px;background-color: #fbba00;color: #ffffff;\" onmouseleave=\"this.style.backgroundColor='#fbba00';this.style.color='#ffffff';\" onmouseenter=\"this.style.backgroundColor='#2c2c2c';this.style.color='#fab500';\" href=\"https:\/\/www.doraturamanerbiese.it\/de\/ramatur\/\" target=\"_self\">Mehr Informationen<\/a><\/div> <\/div><\/div><\/div>[\/vc_column][vc_column width=&#8220;1\/3&#8243;]<div class=\"clearboth\"><\/div><style>#thegem-divider-69e2f88ddc0d9 {margin-top: 30px !important;}<\/style><div id=\"thegem-divider-69e2f88ddc0d9\" class=\"gem-divider  \" style=\"\" ><\/div><div class=\"gem-textbox \"  ><div class=\"gem-textbox-picture centered-box\"><a href=\"https:\/\/www.doraturamanerbiese.it\/wp-content\/uploads\/2019\/12\/stagnatura-metalli-copertina.jpg\" class=\"fancy\"><img src=\"https:\/\/www.doraturamanerbiese.it\/wp-content\/uploads\/2019\/12\/stagnatura-metalli-copertina.jpg\" alt=\"stagnatura metalli copertina\" class=\"img-responsive\" \/><\/a><\/div><div class=\"gem-textbox-inner gem-textbox-after-image\" style=\"\"><div class=\"gem-textbox-content\" style=\"background-position: left top;padding-left: 0px;padding-right: 0px;\">[vc_column_text]<\/p>\n<div class=\"title-h5\">Zinn<\/div>\n<p>[\/vc_column_text][vc_column_text]Elektrolytisches Zinn wird aufgrund seiner Eigenschaften und der Eigenschaften seiner anorganischen Verbindungen, seiner Unbedenklichkeit f\u00fcr Lebensmittel und nicht zuletzt seiner Schweissbarkeit an verschiedenen Artikeln hergestellt.[\/vc_column_text]<div class=\"clearboth\"><\/div><style>#thegem-divider-69e2f88ddc241 {margin-top: 35px !important;}<\/style><div id=\"thegem-divider-69e2f88ddc241\" class=\"gem-divider  \" style=\"\" ><\/div><style type=\"text\/css\">.thegem-button-69e2f88ddc2a93820 .gem-button svg {fill: #ffffff;}.thegem-button-69e2f88ddc2a93820 .gem-button:hover svg {fill: #fab500;}<\/style><div class=\"gem-button-container gem-button-position-left thegem-button-69e2f88ddc2a93820    \"  ><a title=\"Stagnatura\" class=\"gem-button gem-button-size-small gem-button-style-flat gem-button-text-weight-normal\" data-ll-effect=\"drop-right-without-wrap\" style=\"border-radius: 3px;background-color: #fbba00;color: #ffffff;\" onmouseleave=\"this.style.backgroundColor='#fbba00';this.style.color='#ffffff';\" onmouseenter=\"this.style.backgroundColor='#2c2c2c';this.style.color='#fab500';\" href=\"https:\/\/www.doraturamanerbiese.it\/de\/zinn\/\" target=\"_self\">Mehr Informationen<\/a><\/div> <\/div><\/div><\/div>[\/vc_column][\/vc_row]<\/p>\n<\/div>","protected":false},"excerpt":{"rendered":"<p>[vc_row css=&#8220;.vc_custom_1579510701983{margin-top: 50px !important;margin-bottom: 0px !important;}&#8220;][vc_column][vc_column_text]Galvanische Behandlungen oder galvanische B\u00e4der sind Techniken der elektrochemischen Abscheidung von d\u00fcnnen Schichten eines Metalls&#8230;<\/p>\n","protected":false},"author":1,"featured_media":0,"parent":0,"menu_order":-97,"comment_status":"closed","ping_status":"closed","template":"","meta":{"footnotes":""},"tags":[],"class_list":["post-2208","page","type-page","status-publish"],"yoast_head":"<!-- This site is optimized with the Yoast SEO Premium plugin v15.1.2 - https:\/\/yoast.com\/wordpress\/plugins\/seo\/ -->\n<title>Galvanische Behandlungen in Brescia, Bergamo, Milano und ganz Italien<\/title>\n<meta name=\"description\" content=\"Doratura Manerbiese ist seit \u00fcber 30 Jahren auf galvanische Behandlungen von Metalloberfl\u00e4chen spezialisiert: Vergoldung, Versilberung, Vernickelung, Verkupferung und Verzinnung.\" \/>\n<meta name=\"robots\" content=\"index, follow, max-snippet:-1, max-image-preview:large, max-video-preview:-1\" \/>\n<link rel=\"canonical\" href=\"https:\/\/www.doraturamanerbiese.it\/de\/bearbeitungsarten\/\" \/>\n<meta property=\"og:locale\" content=\"de_DE\" \/>\n<meta property=\"og:type\" content=\"article\" \/>\n<meta property=\"og:title\" content=\"Galvanische Behandlungen in Brescia, Bergamo, Milano und ganz Italien\" \/>\n<meta property=\"og:description\" content=\"Doratura Manerbiese ist seit \u00fcber 30 Jahren auf galvanische Behandlungen von Metalloberfl\u00e4chen spezialisiert: Vergoldung, Versilberung, Vernickelung, Verkupferung und Verzinnung.\" \/>\n<meta property=\"og:url\" content=\"https:\/\/www.doraturamanerbiese.it\/de\/bearbeitungsarten\/\" \/>\n<meta property=\"og:site_name\" content=\"Doratura Manerbiese\" \/>\n<meta property=\"article:modified_time\" content=\"2021-03-25T22:12:42+00:00\" \/>\n<script type=\"application\/ld+json\" class=\"yoast-schema-graph\">{\"@context\":\"https:\/\/schema.org\",\"@graph\":[{\"@type\":\"Organization\",\"@id\":\"https:\/\/www.doraturamanerbiese.it\/de\/#organization\",\"name\":\"Doratura Manerbiese\",\"url\":\"https:\/\/www.doraturamanerbiese.it\/de\/\",\"sameAs\":[],\"logo\":{\"@type\":\"ImageObject\",\"@id\":\"https:\/\/www.doraturamanerbiese.it\/de\/#logo\",\"inLanguage\":\"de\",\"url\":\"https:\/\/www.doraturamanerbiese.it\/wp-content\/uploads\/2019\/10\/doratura-manerbiese.png\",\"width\":300,\"height\":113,\"caption\":\"Doratura Manerbiese\"},\"image\":{\"@id\":\"https:\/\/www.doraturamanerbiese.it\/de\/#logo\"}},{\"@type\":\"WebSite\",\"@id\":\"https:\/\/www.doraturamanerbiese.it\/de\/#website\",\"url\":\"https:\/\/www.doraturamanerbiese.it\/de\/\",\"name\":\"Doratura Manerbiese\",\"description\":\"Trattamenti galvanici a Brescia\",\"publisher\":{\"@id\":\"https:\/\/www.doraturamanerbiese.it\/de\/#organization\"},\"potentialAction\":[{\"@type\":\"SearchAction\",\"target\":\"https:\/\/www.doraturamanerbiese.it\/de\/?s={search_term_string}\",\"query-input\":\"required name=search_term_string\"}],\"inLanguage\":\"de\"},{\"@type\":\"WebPage\",\"@id\":\"https:\/\/www.doraturamanerbiese.it\/de\/bearbeitungsarten\/#webpage\",\"url\":\"https:\/\/www.doraturamanerbiese.it\/de\/bearbeitungsarten\/\",\"name\":\"Galvanische Behandlungen in Brescia, Bergamo, Milano und ganz Italien\",\"isPartOf\":{\"@id\":\"https:\/\/www.doraturamanerbiese.it\/de\/#website\"},\"datePublished\":\"2020-03-02T14:31:59+00:00\",\"dateModified\":\"2021-03-25T22:12:42+00:00\",\"description\":\"Doratura Manerbiese ist seit \\u00fcber 30 Jahren auf galvanische Behandlungen von Metalloberfl\\u00e4chen spezialisiert: Vergoldung, Versilberung, Vernickelung, Verkupferung und Verzinnung.\",\"inLanguage\":\"de\",\"potentialAction\":[{\"@type\":\"ReadAction\",\"target\":[\"https:\/\/www.doraturamanerbiese.it\/de\/bearbeitungsarten\/\"]}]}]}<\/script>\n<!-- \/ Yoast SEO Premium plugin. -->","_links":{"self":[{"href":"https:\/\/www.doraturamanerbiese.it\/de\/wp-json\/wp\/v2\/pages\/2208","targetHints":{"allow":["GET"]}}],"collection":[{"href":"https:\/\/www.doraturamanerbiese.it\/de\/wp-json\/wp\/v2\/pages"}],"about":[{"href":"https:\/\/www.doraturamanerbiese.it\/de\/wp-json\/wp\/v2\/types\/page"}],"author":[{"embeddable":true,"href":"https:\/\/www.doraturamanerbiese.it\/de\/wp-json\/wp\/v2\/users\/1"}],"replies":[{"embeddable":true,"href":"https:\/\/www.doraturamanerbiese.it\/de\/wp-json\/wp\/v2\/comments?post=2208"}],"version-history":[{"count":8,"href":"https:\/\/www.doraturamanerbiese.it\/de\/wp-json\/wp\/v2\/pages\/2208\/revisions"}],"predecessor-version":[{"id":2453,"href":"https:\/\/www.doraturamanerbiese.it\/de\/wp-json\/wp\/v2\/pages\/2208\/revisions\/2453"}],"wp:attachment":[{"href":"https:\/\/www.doraturamanerbiese.it\/de\/wp-json\/wp\/v2\/media?parent=2208"}],"wp:term":[{"taxonomy":"post_tag","embeddable":true,"href":"https:\/\/www.doraturamanerbiese.it\/de\/wp-json\/wp\/v2\/tags?post=2208"}],"curies":[{"name":"wp","href":"https:\/\/api.w.org\/{rel}","templated":true}]}}