{"id":2212,"date":"2017-11-23T07:20:12","date_gmt":"2017-11-23T06:20:12","guid":{"rendered":"https:\/\/www.doraturamanerbiese.it\/trattamenti-galvanici\/"},"modified":"2020-11-05T17:10:39","modified_gmt":"2020-11-05T16:10:39","slug":"galvanische-behandlungen","status":"publish","type":"page","link":"https:\/\/www.doraturamanerbiese.it\/de\/galvanische-behandlungen\/","title":{"rendered":"Galvanische Behandlungen"},"content":{"rendered":"<div class=\"wpb-content-wrapper\"><p>[vc_row css=&#8220;.vc_custom_1579510697009{margin-top: 10px !important;margin-bottom: 100px !important;}&#8220; el_class=&#8220;servizi-home&#8220;][vc_column width=&#8220;1\/2&#8243;]<div class=\"clearboth\"><\/div><style>#thegem-divider-69e2f8943e1fa {margin-top: 30px !important;}<\/style><div id=\"thegem-divider-69e2f8943e1fa\" class=\"gem-divider  \" style=\"\" ><\/div><div class=\"gem-textbox \"  ><div class=\"gem-textbox-picture centered-box\"><a href=\"https:\/\/www.doraturamanerbiese.it\/wp-content\/uploads\/2020\/02\/stagnatura-e-ramatura-raccordi-in-ottone.jpg\" class=\"fancy\"><img src=\"https:\/\/www.doraturamanerbiese.it\/wp-content\/uploads\/2020\/02\/stagnatura-e-ramatura-raccordi-in-ottone.jpg\" alt=\"stagnatura e ramatura raccordi in ottone\" class=\"img-responsive\" \/><\/a><\/div><div class=\"gem-textbox-inner gem-textbox-after-image\" style=\"\"><div class=\"gem-textbox-content\" style=\"background-position: left top;padding-left: 0px;padding-right: 0px;\">[vc_column_text]<\/p>\n<div class=\"title-h5\">Galvanische Verfahren<\/div>\n<p>[\/vc_column_text][vc_column_text]Zweck der technisch-funktionellen Galvanisierung ist es, die Oberfl\u00e4cheneigenschaften des Tr\u00e4gers durch elektrochemische Abscheidung einer d\u00fcnnen Schicht eines Metalls oder einer Legierung zu ver\u00e4ndern, z. B. auf Eisen und Eisenlegierungen, Kupfer und Kupferlegierungen, Messing und Edelstahl.[\/vc_column_text]<div class=\"clearboth\"><\/div><style>#thegem-divider-69e2f8943e3c5 {margin-top: 35px !important;}<\/style><div id=\"thegem-divider-69e2f8943e3c5\" class=\"gem-divider  \" style=\"\" ><\/div><style type=\"text\/css\">.thegem-button-69e2f8943e4558183 .gem-button svg {fill: #ffffff;}.thegem-button-69e2f8943e4558183 .gem-button:hover svg {fill: #fab500;}<\/style><div class=\"gem-button-container gem-button-position-left thegem-button-69e2f8943e4558183    \"  ><a title=\"Trattamenti galvanici tecnici\" class=\"gem-button gem-button-size-small gem-button-style-flat gem-button-text-weight-normal\" data-ll-effect=\"drop-right-without-wrap\" style=\"border-radius: 3px;background-color: #fbba00;color: #ffffff;\" onmouseleave=\"this.style.backgroundColor='#fbba00';this.style.color='#ffffff';\" onmouseenter=\"this.style.backgroundColor='#2c2c2c';this.style.color='#fab500';\" href=\"https:\/\/www.doraturamanerbiese.it\/de\/galvanische-verfahren\/\" target=\"_self\">Mehr Informationen<\/a><\/div> <\/div><\/div><\/div>[\/vc_column][vc_column width=&#8220;1\/2&#8243;]<div class=\"clearboth\"><\/div><style>#thegem-divider-69e2f8943e4ae {margin-top: 30px !important;}<\/style><div id=\"thegem-divider-69e2f8943e4ae\" class=\"gem-divider  \" style=\"\" ><\/div><div class=\"gem-textbox \"  ><div class=\"gem-textbox-picture centered-box\"><a href=\"https:\/\/www.doraturamanerbiese.it\/wp-content\/uploads\/2020\/02\/COPERTURA-IN-METALLO-GALVANIZZATO-ORO-PER-LIBRO-STORICO.jpg\" class=\"fancy\"><img src=\"https:\/\/www.doraturamanerbiese.it\/wp-content\/uploads\/2020\/02\/COPERTURA-IN-METALLO-GALVANIZZATO-ORO-PER-LIBRO-STORICO.jpg\" alt=\"copertura in metallo galvanizzato oro per libro storico\" class=\"img-responsive\" \/><\/a><\/div><div class=\"gem-textbox-inner gem-textbox-after-image\" style=\"\"><div class=\"gem-textbox-content\" style=\"background-position: left top;padding-left: 0px;padding-right: 0px;\">[vc_column_text]<\/p>\n<div class=\"title-h5\">Dekorative Galvanische Behandlungen<\/div>\n<p>[\/vc_column_text][vc_column_text]Die Manerbische Vergoldung ist im &#8222;dekorativen&#8220; Sektor t\u00e4tig und f\u00fchrt galvanische Behandlungen durch, die das \u00e4sthetische Erscheinungsbild von Metallkomponenten beeinflussen.<br \/>\nWir sind spezialisiert auf die Vergoldung, Versilberung und Verkupferung von Metallen wie: Eisen und seine Legierungen, Kupfer und seine Legierungen, Zinn und seine Legierungen und Edelstahl.[\/vc_column_text]<div class=\"clearboth\"><\/div><style>#thegem-divider-69e2f8943e642 {margin-top: 35px !important;}<\/style><div id=\"thegem-divider-69e2f8943e642\" class=\"gem-divider  \" style=\"\" ><\/div><style type=\"text\/css\">.thegem-button-69e2f8943e6bc7523 .gem-button svg {fill: #ffffff;}.thegem-button-69e2f8943e6bc7523 .gem-button:hover svg {fill: #fab500;}<\/style><div class=\"gem-button-container gem-button-position-left thegem-button-69e2f8943e6bc7523    \"  ><a title=\"Trattamenti galvanici decorativi\" class=\"gem-button gem-button-size-small gem-button-style-flat gem-button-text-weight-normal\" data-ll-effect=\"drop-right-without-wrap\" style=\"border-radius: 3px;background-color: #fbba00;color: #ffffff;\" onmouseleave=\"this.style.backgroundColor='#fbba00';this.style.color='#ffffff';\" onmouseenter=\"this.style.backgroundColor='#2c2c2c';this.style.color='#fab500';\" href=\"https:\/\/www.doraturamanerbiese.it\/de\/dekorative-galvanische-behandlungen\/\" target=\"_self\">Mehr Informationen<\/a><\/div> <\/div><\/div><\/div>[\/vc_column][\/vc_row]<\/p>\n<\/div>","protected":false},"excerpt":{"rendered":"<p>[vc_row css=&#8220;.vc_custom_1579510697009{margin-top: 10px !important;margin-bottom: 100px !important;}&#8220; el_class=&#8220;servizi-home&#8220;][vc_column width=&#8220;1\/2&#8243;][\/vc_column][vc_column width=&#8220;1\/2&#8243;][\/vc_column][\/vc_row]<\/p>\n","protected":false},"author":1,"featured_media":0,"parent":0,"menu_order":-97,"comment_status":"closed","ping_status":"closed","template":"","meta":{"footnotes":""},"tags":[],"class_list":["post-2212","page","type-page","status-publish"],"yoast_head":"<!-- This site is optimized with the Yoast SEO Premium plugin v15.1.2 - https:\/\/yoast.com\/wordpress\/plugins\/seo\/ -->\n<title>Galvanische Behandlungen in Brescia, Bergamo, Milano und ganz Italien<\/title>\n<meta name=\"description\" content=\"Doratura Manerbiese ist seit \u00fcber 30 Jahren auf galvanische Behandlungen von Metalloberfl\u00e4chen spezialisiert: Vergoldung, Versilberung, Vernickelung, Verkupferung und Verzinnung.\" \/>\n<meta name=\"robots\" content=\"index, follow, max-snippet:-1, max-image-preview:large, max-video-preview:-1\" \/>\n<link rel=\"canonical\" href=\"https:\/\/www.doraturamanerbiese.it\/de\/galvanische-behandlungen\/\" \/>\n<meta property=\"og:locale\" content=\"de_DE\" \/>\n<meta property=\"og:type\" content=\"article\" \/>\n<meta property=\"og:title\" content=\"Galvanische Behandlungen in Brescia, Bergamo, Milano und ganz Italien\" \/>\n<meta property=\"og:description\" content=\"Doratura Manerbiese ist seit \u00fcber 30 Jahren auf galvanische Behandlungen von Metalloberfl\u00e4chen spezialisiert: Vergoldung, Versilberung, Vernickelung, Verkupferung und Verzinnung.\" \/>\n<meta property=\"og:url\" content=\"https:\/\/www.doraturamanerbiese.it\/de\/galvanische-behandlungen\/\" \/>\n<meta property=\"og:site_name\" content=\"Doratura Manerbiese\" \/>\n<meta property=\"article:modified_time\" content=\"2020-11-05T16:10:39+00:00\" \/>\n<script type=\"application\/ld+json\" class=\"yoast-schema-graph\">{\"@context\":\"https:\/\/schema.org\",\"@graph\":[{\"@type\":\"Organization\",\"@id\":\"https:\/\/www.doraturamanerbiese.it\/de\/#organization\",\"name\":\"Doratura Manerbiese\",\"url\":\"https:\/\/www.doraturamanerbiese.it\/de\/\",\"sameAs\":[],\"logo\":{\"@type\":\"ImageObject\",\"@id\":\"https:\/\/www.doraturamanerbiese.it\/de\/#logo\",\"inLanguage\":\"de\",\"url\":\"https:\/\/www.doraturamanerbiese.it\/wp-content\/uploads\/2019\/10\/doratura-manerbiese.png\",\"width\":300,\"height\":113,\"caption\":\"Doratura Manerbiese\"},\"image\":{\"@id\":\"https:\/\/www.doraturamanerbiese.it\/de\/#logo\"}},{\"@type\":\"WebSite\",\"@id\":\"https:\/\/www.doraturamanerbiese.it\/de\/#website\",\"url\":\"https:\/\/www.doraturamanerbiese.it\/de\/\",\"name\":\"Doratura Manerbiese\",\"description\":\"Trattamenti galvanici a Brescia\",\"publisher\":{\"@id\":\"https:\/\/www.doraturamanerbiese.it\/de\/#organization\"},\"potentialAction\":[{\"@type\":\"SearchAction\",\"target\":\"https:\/\/www.doraturamanerbiese.it\/de\/?s={search_term_string}\",\"query-input\":\"required name=search_term_string\"}],\"inLanguage\":\"de\"},{\"@type\":\"WebPage\",\"@id\":\"https:\/\/www.doraturamanerbiese.it\/de\/galvanische-behandlungen\/#webpage\",\"url\":\"https:\/\/www.doraturamanerbiese.it\/de\/galvanische-behandlungen\/\",\"name\":\"Galvanische Behandlungen in Brescia, Bergamo, Milano und ganz Italien\",\"isPartOf\":{\"@id\":\"https:\/\/www.doraturamanerbiese.it\/de\/#website\"},\"datePublished\":\"2017-11-23T06:20:12+00:00\",\"dateModified\":\"2020-11-05T16:10:39+00:00\",\"description\":\"Doratura Manerbiese ist seit \\u00fcber 30 Jahren auf galvanische Behandlungen von Metalloberfl\\u00e4chen spezialisiert: Vergoldung, Versilberung, Vernickelung, Verkupferung und Verzinnung.\",\"inLanguage\":\"de\",\"potentialAction\":[{\"@type\":\"ReadAction\",\"target\":[\"https:\/\/www.doraturamanerbiese.it\/de\/galvanische-behandlungen\/\"]}]}]}<\/script>\n<!-- \/ Yoast SEO Premium plugin. -->","_links":{"self":[{"href":"https:\/\/www.doraturamanerbiese.it\/de\/wp-json\/wp\/v2\/pages\/2212","targetHints":{"allow":["GET"]}}],"collection":[{"href":"https:\/\/www.doraturamanerbiese.it\/de\/wp-json\/wp\/v2\/pages"}],"about":[{"href":"https:\/\/www.doraturamanerbiese.it\/de\/wp-json\/wp\/v2\/types\/page"}],"author":[{"embeddable":true,"href":"https:\/\/www.doraturamanerbiese.it\/de\/wp-json\/wp\/v2\/users\/1"}],"replies":[{"embeddable":true,"href":"https:\/\/www.doraturamanerbiese.it\/de\/wp-json\/wp\/v2\/comments?post=2212"}],"version-history":[{"count":5,"href":"https:\/\/www.doraturamanerbiese.it\/de\/wp-json\/wp\/v2\/pages\/2212\/revisions"}],"predecessor-version":[{"id":2408,"href":"https:\/\/www.doraturamanerbiese.it\/de\/wp-json\/wp\/v2\/pages\/2212\/revisions\/2408"}],"wp:attachment":[{"href":"https:\/\/www.doraturamanerbiese.it\/de\/wp-json\/wp\/v2\/media?parent=2212"}],"wp:term":[{"taxonomy":"post_tag","embeddable":true,"href":"https:\/\/www.doraturamanerbiese.it\/de\/wp-json\/wp\/v2\/tags?post=2212"}],"curies":[{"name":"wp","href":"https:\/\/api.w.org\/{rel}","templated":true}]}}