{"id":2229,"date":"2017-11-22T07:32:58","date_gmt":"2017-11-22T06:32:58","guid":{"rendered":"https:\/\/www.doraturamanerbiese.it\/realizzazioni\/"},"modified":"2020-11-05T17:17:34","modified_gmt":"2020-11-05T16:17:34","slug":"leistungen","status":"publish","type":"page","link":"https:\/\/www.doraturamanerbiese.it\/de\/leistungen\/","title":{"rendered":"Leistungen"},"content":{"rendered":"<div class=\"wpb-content-wrapper\"><p>[vc_row full_width=&#8220;stretch_row&#8220; css=&#8220;.vc_custom_1574287104825{margin-bottom: 0px !important;}&#8220;][vc_column]<div class=\"clearboth\"><\/div><style>#thegem-divider-69e2f88d5e40d {margin-top: 105px !important;}<\/style><div id=\"thegem-divider-69e2f88d5e40d\" class=\"gem-divider  \" style=\"\" ><\/div><style>.portfolio.portfolio-grid#style-b0674a9 .portfolio-item:not(.size-item), .preloader#style-preloader-b0674a9 .portfolio-item { padding: calc(42px\/2) !important; }.portfolio.portfolio-grid#style-b0674a9 .portfolio-item.size-item { padding: 0 calc(42px\/2) !important; }.portfolio.portfolio-grid#style-b0674a9 .portfolio-row, .preloader#style-preloader-b0674a9 .skeleton-posts.portfolio-row { margin: calc(-42px\/2); }.portfolio.portfolio-grid#style-b0674a9.fullwidth-columns .portfolio-row { margin: calc(-42px\/2) 0; }.portfolio.portfolio-grid#style-b0674a9 .fullwidth-block:not(.no-paddings) { padding-left: 42px; padding-right: 42px; }.portfolio.portfolio-grid#style-b0674a9 .fullwidth-block .portfolio-row { padding-left: calc(42px\/2); padding-right: calc(42px\/2); }.portfolio.portfolio-grid#style-b0674a9 .fullwidth-block .portfolio-top-panel { padding-left: 42px; padding-right: 42px; }.portfolio.portfolio-grid#style-b0674a9.fullwidth-columns .with-filter-sidebar .filter-sidebar { padding-left: 42px; }.portfolio.portfolio-grid#style-b0674a9 .portfolio-item .caption .title span { letter-spacing: px !important; }.portfolio.portfolio-grid#style-b0674a9 .portfolio-item .caption .subtitle { color: #5f727f !important; }<\/style><style>.portfolio.portfolio-grid#style-b0674a9 .portfolio-filters { text-align: center; }<\/style><div id=\"style-preloader-b0674a9\" class=\"preloader save-space\"><div class=\"preloader-spin\"><\/div><\/div> <div class=\"portfolio-preloader-wrapper panel-sidebar-position-left\"> <div class=\"portfolio portfolio-grid extended-portfolio-grid no-padding portfolio-pagination-normal portfolio-style-justified background-style-white title-style-light hover-default title-on-page hover-elements-size-default version-default caption-position-page loading-animation item-animation-move-up columns-3 columns-tablet-2 columns-mobile-1 next-page-preloading \" id=\"style-b0674a9\" data-style-uid=\"b0674a9\" data-portfolio-uid=\"grid_15f9c35\" data-current-page=\"1\" data-per-page=\"6\" data-next-page=\"2\" data-pages-count=\"2\" data-hover=\"default\" data-portfolio-filter=\"[]\" data-portfolio-filter-attributes=\"null\" data-portfolio-filter-search=\"\"> <div class=\"portfolio-row-outer \"> <div class=\"portfolio-top-panel filter-type-default\"> <div class=\"portfolio-top-panel-row filter-style-buttons\"> <div class=\"portfolio-top-panel-left single\" > <div class=\"portfolio-filters filter-by-thegem_portfolios\"> <a href=\"#\" role=\"button\" data-filter=\"*\" class=\"active all title-h6 hover-pointer\"> <span class=\"light\"> Alle <\/span> <\/a> <a href=\"#\" data-filter=\".nichelierung\" class=\" title-h6 hover-pointer\"> <span class=\"light\"> Nichelierung <\/span> <\/a> <a href=\"#\" data-filter=\".ramatur\" class=\" title-h6 hover-pointer\"> <span class=\"light\"> Ramatur <\/span> <\/a> <a href=\"#\" data-filter=\".silber\" class=\" title-h6 hover-pointer\"> <span class=\"light\"> Silber <\/span> <\/a> <a href=\"#\" data-filter=\".vergoldung\" class=\" title-h6 hover-pointer\"> <span class=\"light\"> Vergoldung <\/span> <\/a> <a href=\"#\" data-filter=\".zinn\" class=\" title-h6 hover-pointer\"> <span class=\"light\"> Zinn <\/span> <\/a> <\/div> <div class=\"portfolio-filters-resp single\"> <button class=\"menu-toggle dl-trigger\">Portfolio filters<span class=\"menu-line-1\"><\/span><span class=\"menu-line-2\"><\/span><span class=\"menu-line-3\"><\/span><\/button> <ul class=\"dl-menu\"> <li> <a href=\"#\" role=\"button\" data-filter=\"*\"> Alle <\/a> <\/li> <li> <a href=\"#\" data-filter=\".nichelierung\"> Nichelierung <\/a> <\/li> <li> <a href=\"#\" data-filter=\".ramatur\"> Ramatur <\/a> <\/li> <li> <a href=\"#\" data-filter=\".silber\"> Silber <\/a> <\/li> <li> <a href=\"#\" data-filter=\".vergoldung\"> Vergoldung <\/a> <\/li> <li> <a href=\"#\" data-filter=\".zinn\"> Zinn <\/a> <\/li> <\/ul> <\/div> <\/div> <div class=\"portfolio-top-panel-right\"> <\/div> <\/div> <\/div> <div class=\"portfolio-top-panel selected-only\"> <div class=\"portfolio-filter-item portfolio-selected-filters left\"> <div class=\"portfolio-selected-filter-item clear-filters\"> Clear Filters\t<\/div> <\/div> <\/div> <div class=\"row portfolio-row\"> <div class=\"portfolio-set clearfix\" data-max-row-height=\"380\"> <div class=\"portfolio-item ramatur zinn col-xs-12 col-sm-12 col-md-8 double-item double-item-squared item-animations-not-inited portfolio-item-template appearance-type-featured_image post-2232 thegem_pf_item type-thegem_pf_item status-publish has-post-thumbnail\" data-default-sort=\"2\" data-sort-date=\"1583323105\"> <div class=\"wrap clearfix\"> <div class=\"image post-2232 thegem_pf_item type-thegem_pf_item status-publish has-post-thumbnail\"> <div class=\"image-inner \"> <picture> <source srcset=\"https:\/\/www.doraturamanerbiese.it\/wp-content\/uploads\/2020\/02\/stagantura-e-ramatura-raccordi-in-ottone-thegem-product-justified-square-double-page-m.jpg 1x\" sizes=\"100vw\"> <img src=\"https:\/\/www.doraturamanerbiese.it\/wp-content\/uploads\/2020\/02\/stagantura-e-ramatura-raccordi-in-ottone-thegem-product-justified-square-double-page-m.jpg\" width=\"800\" height=\"1000\" class=\"attachment-thegem-product-justified-square-double-page-m\" alt=\"VERZINNUNG UND VERKUPFERUNG VON MESSINGSEHNEN\" \/> <\/picture> <\/div> <div class=\"overlay \"> <div class=\"overlay-circle\"><\/div> <div class=\"links-wrapper\"> <div class=\"links\"> <div class=\"portfolio-icons\"> <a href=\"https:\/\/www.doraturamanerbiese.it\/de\/pf\/verzinnung-und-verkupferung-von-messingsehnen\/\" target=\"_self\" class=\"icon self-link \" data-elementor-open-lightbox=\"no\" aria-label=\"VERZINNUNG UND VERKUPFERUNG VON MESSINGSEHNEN\"> <i class=\"default\"><\/i> <\/a> <div class=\"overlay-line\"><\/div> <\/div> <\/div> <\/div> <\/div> <\/div> <div class=\"caption post-2232 thegem_pf_item type-thegem_pf_item status-publish has-post-thumbnail\"> <div class=\"title\"> <span class=\" \"> VERZINNUNG UND VERKUPFERUNG VON MESSINGSEHNEN <\/span> <\/div> <div class=\"caption-separator\"><\/div> <div class=\"subtitle\"> <span class=\"\"><p>Zinnbeschichtungen werden vor allem wegen ihres Schutzwertes gegen\u00fcber Witterungseinfl\u00fcssen und verschiedenen Stoffen, einschlie\u00dflich Lebensmitteln, sowie wegen ihrer hohen elektrischen Leitf\u00e4higkeit und Schwei\u00dfbarkeit gesch\u00e4tzt.<\/p>\n<\/span> <\/div> <\/div> <\/div> <\/div> <div class=\"portfolio-item vergoldung col-xs-12 col-sm-12 col-md-8 double-item double-item-squared item-animations-not-inited portfolio-item-template appearance-type-featured_image post-2235 thegem_pf_item type-thegem_pf_item status-publish has-post-thumbnail\" data-default-sort=\"2\" data-sort-date=\"1583322847\"> <div class=\"wrap clearfix\"> <div class=\"image post-2235 thegem_pf_item type-thegem_pf_item status-publish has-post-thumbnail\"> <div class=\"image-inner \"> <picture> <source srcset=\"https:\/\/www.doraturamanerbiese.it\/wp-content\/uploads\/2020\/02\/doratura-stendini-di-ferro-zincato-thegem-product-justified-square-double-page-m.jpg 1x\" sizes=\"100vw\"> <img src=\"https:\/\/www.doraturamanerbiese.it\/wp-content\/uploads\/2020\/02\/doratura-stendini-di-ferro-zincato-thegem-product-justified-square-double-page-m.jpg\" width=\"800\" height=\"1000\" class=\"attachment-thegem-product-justified-square-double-page-m\" alt=\"VERGOLDUNG AUF VERZINKTEM EISEN.\" \/> <\/picture> <\/div> <div class=\"overlay \"> <div class=\"overlay-circle\"><\/div> <div class=\"links-wrapper\"> <div class=\"links\"> <div class=\"portfolio-icons\"> <a href=\"https:\/\/www.doraturamanerbiese.it\/de\/pf\/vergoldung-auf-verzinktem-eisen\/\" target=\"_self\" class=\"icon self-link \" data-elementor-open-lightbox=\"no\" aria-label=\"VERGOLDUNG AUF VERZINKTEM EISEN.\"> <i class=\"default\"><\/i> <\/a> <div class=\"overlay-line\"><\/div> <\/div> <\/div> <\/div> <\/div> <\/div> <div class=\"caption post-2235 thegem_pf_item type-thegem_pf_item status-publish has-post-thumbnail\"> <div class=\"title\"> <span class=\" \"> VERGOLDUNG AUF VERZINKTEM EISEN. <\/span> <\/div> <div class=\"caption-separator\"><\/div> <div class=\"subtitle\"> <span class=\"\"><p>Kupfer, seine Legierungen und Zinklegierungen besitzen eine leichte Wachsoxidation, so dass die direkte galvanische Abscheidung einer leichten Goldschicht f\u00fcr dekorative Zwecke keine gute Oxidationsbest\u00e4ndigkeit bieten w\u00fcrde.<\/p>\n<\/span> <\/div> <\/div> <\/div> <\/div> <div class=\"portfolio-item vergoldung col-xs-12 col-sm-12 col-md-8 double-item double-item-squared item-animations-not-inited portfolio-item-template appearance-type-featured_image post-2236 thegem_pf_item type-thegem_pf_item status-publish has-post-thumbnail\" data-default-sort=\"2\" data-sort-date=\"1583322758\"> <div class=\"wrap clearfix\"> <div class=\"image post-2236 thegem_pf_item type-thegem_pf_item status-publish has-post-thumbnail\"> <div class=\"image-inner \"> <picture> <source srcset=\"https:\/\/www.doraturamanerbiese.it\/wp-content\/uploads\/2020\/02\/doratura-scultura-in-ottone-thegem-product-justified-square-double-page-m.jpg 1x\" sizes=\"100vw\"> <img src=\"https:\/\/www.doraturamanerbiese.it\/wp-content\/uploads\/2020\/02\/doratura-scultura-in-ottone-thegem-product-justified-square-double-page-m.jpg\" width=\"800\" height=\"1000\" class=\"attachment-thegem-product-justified-square-double-page-m\" alt=\"DEKORATIVE VERGOLDUNG VON MESSINGSKULPTUREN\" \/> <\/picture> <\/div> <div class=\"overlay \"> <div class=\"overlay-circle\"><\/div> <div class=\"links-wrapper\"> <div class=\"links\"> <div class=\"portfolio-icons\"> <a href=\"https:\/\/www.doraturamanerbiese.it\/de\/pf\/dekorative-vergoldung-von-messingskulpturen\/\" target=\"_self\" class=\"icon self-link \" data-elementor-open-lightbox=\"no\" aria-label=\"DEKORATIVE VERGOLDUNG VON MESSINGSKULPTUREN\"> <i class=\"default\"><\/i> <\/a> <div class=\"overlay-line\"><\/div> <\/div> <\/div> <\/div> <\/div> <\/div> <div class=\"caption post-2236 thegem_pf_item type-thegem_pf_item status-publish has-post-thumbnail\"> <div class=\"title\"> <span class=\" \"> DEKORATIVE VERGOLDUNG VON MESSINGSKULPTUREN <\/span> <\/div> <div class=\"caption-separator\"><\/div> <div class=\"subtitle\"> <span class=\"\"><p>Die Vergoldung wird sehr stark zur Veredelung von Ziergegenst\u00e4nden eingesetzt, in diesem Fall werden d\u00fcnne, ausreichend sch\u00fctzende Schichten verwendet.<\/p>\n<\/span> <\/div> <\/div> <\/div> <\/div> <div class=\"portfolio-item vergoldung col-xs-12 col-sm-12 col-md-8 double-item double-item-squared item-animations-not-inited portfolio-item-template appearance-type-featured_image post-2237 thegem_pf_item type-thegem_pf_item status-publish has-post-thumbnail\" data-default-sort=\"2\" data-sort-date=\"1583322628\"> <div class=\"wrap clearfix\"> <div class=\"image post-2237 thegem_pf_item type-thegem_pf_item status-publish has-post-thumbnail\"> <div class=\"image-inner \"> <picture> <source srcset=\"https:\/\/www.doraturamanerbiese.it\/wp-content\/uploads\/2020\/02\/DORATURA-DECORATIVA-STATUE-IN-OTTONE-thegem-product-justified-square-double-page-m.jpg 1x\" sizes=\"100vw\"> <img src=\"https:\/\/www.doraturamanerbiese.it\/wp-content\/uploads\/2020\/02\/DORATURA-DECORATIVA-STATUE-IN-OTTONE-thegem-product-justified-square-double-page-m.jpg\" width=\"800\" height=\"1000\" class=\"attachment-thegem-product-justified-square-double-page-m\" alt=\"DEKORATIVE VERGOLDUNG AUF MESSINGSTATUE\" \/> <\/picture> <\/div> <div class=\"overlay \"> <div class=\"overlay-circle\"><\/div> <div class=\"links-wrapper\"> <div class=\"links\"> <div class=\"portfolio-icons\"> <a href=\"https:\/\/www.doraturamanerbiese.it\/de\/pf\/dekorative-vergoldung-auf-messingstatue\/\" target=\"_self\" class=\"icon self-link \" data-elementor-open-lightbox=\"no\" aria-label=\"DEKORATIVE VERGOLDUNG AUF MESSINGSTATUE\"> <i class=\"default\"><\/i> <\/a> <div class=\"overlay-line\"><\/div> <\/div> <\/div> <\/div> <\/div> <\/div> <div class=\"caption post-2237 thegem_pf_item type-thegem_pf_item status-publish has-post-thumbnail\"> <div class=\"title\"> <span class=\" \"> DEKORATIVE VERGOLDUNG AUF MESSINGSTATUE <\/span> <\/div> <div class=\"caption-separator\"><\/div> <div class=\"subtitle\"> <span class=\"\"><p>Die Vergoldung wird sehr stark zur Veredelung von Ziergegenst\u00e4nden eingesetzt, in diesem Fall werden d\u00fcnne, ausreichend sch\u00fctzende Schichten verwendet.<\/p>\n<\/span> <\/div> <\/div> <\/div> <\/div> <div class=\"portfolio-item silber col-xs-12 col-sm-12 col-md-8 double-item double-item-squared item-animations-not-inited portfolio-item-template appearance-type-featured_image post-2238 thegem_pf_item type-thegem_pf_item status-publish has-post-thumbnail\" data-default-sort=\"2\" data-sort-date=\"1583322453\"> <div class=\"wrap clearfix\"> <div class=\"image post-2238 thegem_pf_item type-thegem_pf_item status-publish has-post-thumbnail\"> <div class=\"image-inner \"> <picture> <source srcset=\"https:\/\/www.doraturamanerbiese.it\/wp-content\/uploads\/2020\/02\/ARGENTO-ANTICO-CAVALIERE-IN-OTTONE-thegem-product-justified-square-double-page-m.jpg 1x\" sizes=\"100vw\"> <img src=\"https:\/\/www.doraturamanerbiese.it\/wp-content\/uploads\/2020\/02\/ARGENTO-ANTICO-CAVALIERE-IN-OTTONE-thegem-product-justified-square-double-page-m.jpg\" width=\"800\" height=\"1000\" class=\"attachment-thegem-product-justified-square-double-page-m\" alt=\"ANTIKARGENTATUR AUF MESSINGSRITTER\" \/> <\/picture> <\/div> <div class=\"overlay \"> <div class=\"overlay-circle\"><\/div> <div class=\"links-wrapper\"> <div class=\"links\"> <div class=\"portfolio-icons\"> <a href=\"https:\/\/www.doraturamanerbiese.it\/de\/pf\/antikargentatur-auf-messingsritter\/\" target=\"_self\" class=\"icon self-link \" data-elementor-open-lightbox=\"no\" aria-label=\"ANTIKARGENTATUR AUF MESSINGSRITTER\"> <i class=\"default\"><\/i> <\/a> <div class=\"overlay-line\"><\/div> <\/div> <\/div> <\/div> <\/div> <\/div> <div class=\"caption post-2238 thegem_pf_item type-thegem_pf_item status-publish has-post-thumbnail\"> <div class=\"title\"> <span class=\" \"> ANTIKARGENTATUR AUF MESSINGSRITTER <\/span> <\/div> <div class=\"caption-separator\"><\/div> <div class=\"subtitle\"> <span class=\"\"><p>Die dekorative galvanische Versilberung wird auf verschiedenen Metallen durchgef\u00fchrt, um rein \u00e4sthetische Oberfl\u00e4chen zu erhalten. Nach dem Reinigen, Entfetten und Polieren geht man mit dem Finish weiter, um je nach Kundenwunsch ein gl\u00e4nzendes Silber, ein mattes Silber oder ein antikes Silber zu erhalten.<\/p>\n<\/span> <\/div> <\/div> <\/div> <\/div> <div class=\"portfolio-item vergoldung col-xs-12 col-sm-12 col-md-8 double-item double-item-squared item-animations-not-inited portfolio-item-template appearance-type-featured_image post-2239 thegem_pf_item type-thegem_pf_item status-publish has-post-thumbnail\" data-default-sort=\"2\" data-sort-date=\"1574293703\"> <div class=\"wrap clearfix\"> <div class=\"image post-2239 thegem_pf_item type-thegem_pf_item status-publish has-post-thumbnail\"> <div class=\"image-inner \"> <picture> <source srcset=\"https:\/\/www.doraturamanerbiese.it\/wp-content\/uploads\/2019\/11\/contatti-elettrici-dorati-3.jpg 1x\" sizes=\"100vw\"> <img src=\"https:\/\/www.doraturamanerbiese.it\/wp-content\/uploads\/2019\/11\/contatti-elettrici-dorati-3.jpg\" width=\"700\" height=\"525\" class=\"attachment-thegem-product-justified-square-double-page-m\" alt=\"DORATIERTE ELEKTRISCHE KONTAKTE\" \/> <\/picture> <\/div> <div class=\"overlay \"> <div class=\"overlay-circle\"><\/div> <div class=\"links-wrapper\"> <div class=\"links\"> <div class=\"portfolio-icons\"> <a href=\"https:\/\/www.doraturamanerbiese.it\/de\/pf\/doratierte-elektrische-kontakte\/\" target=\"_self\" class=\"icon self-link \" data-elementor-open-lightbox=\"no\" aria-label=\"DORATIERTE ELEKTRISCHE KONTAKTE\"> <i class=\"default\"><\/i> <\/a> <div class=\"overlay-line\"><\/div> <\/div> <\/div> <\/div> <\/div> <\/div> <div class=\"caption post-2239 thegem_pf_item type-thegem_pf_item status-publish has-post-thumbnail\"> <div class=\"title\"> <span class=\" \"> DORATIERTE ELEKTRISCHE KONTAKTE <\/span> <\/div> <div class=\"caption-separator\"><\/div> <div class=\"subtitle\"> <span class=\"\"><p>Verarbeitung: Galvanische Behandlung von 24 Karat Goldvergoldung mit einer Dicke von 2,5 Mikron.<\/p>\n<\/span> <\/div> <\/div> <\/div> <\/div> <\/div><!-- .portflio-set --> <div class=\"portfolio-item-size-container\"> <div class=\"portfolio-item col-xs-12 col-sm-6 col-md-4 item-animations-not-inited portfolio-item-template appearance-type-featured_image post-2239 thegem_pf_item type-thegem_pf_item status-publish has-post-thumbnail\"> <\/div> <\/div> <\/div><!-- .row--> <div class=\"portfolio-navigator gem-pagination\"> <a href=\"#\" role=\"button\" class=\"prev\" aria-label=\"Zur\u00fcck\"> <i class=\"default\"><\/i> <\/a> <div class=\"pages\"><\/div> <a href=\"#\" role=\"button\" class=\"next\" aria-label=\"Weiter\"> <i class=\"default\"><\/i> <\/a> <\/div> <\/div><!-- .full-width --> <\/div><!-- .portfolio--> <\/div><!-- .portfolio-preloader-wrapper--><div class=\"clearboth\"><\/div><style>#thegem-divider-69e2f88d6262d {margin-top: 145px !important;}<\/style><div id=\"thegem-divider-69e2f88d6262d\" class=\"gem-divider  \" style=\"\" ><\/div>[\/vc_column][\/vc_row]<\/p>\n<\/div>","protected":false},"excerpt":{"rendered":"<p>[vc_row full_width=&#8220;stretch_row&#8220; css=&#8220;.vc_custom_1574287104825{margin-bottom: 0px !important;}&#8220;][vc_column][\/vc_column][\/vc_row]<\/p>\n","protected":false},"author":1,"featured_media":0,"parent":0,"menu_order":-95,"comment_status":"closed","ping_status":"closed","template":"","meta":{"footnotes":""},"tags":[],"class_list":["post-2229","page","type-page","status-publish"],"yoast_head":"<!-- This site is optimized with the Yoast SEO Premium plugin v15.1.2 - https:\/\/yoast.com\/wordpress\/plugins\/seo\/ -->\n<title>Leistungen - Doratura Manerbiese<\/title>\n<meta name=\"robots\" content=\"index, follow, max-snippet:-1, max-image-preview:large, max-video-preview:-1\" \/>\n<link rel=\"canonical\" href=\"https:\/\/www.doraturamanerbiese.it\/de\/leistungen\/\" \/>\n<meta property=\"og:locale\" content=\"de_DE\" \/>\n<meta property=\"og:type\" content=\"article\" \/>\n<meta property=\"og:title\" content=\"Leistungen - Doratura Manerbiese\" \/>\n<meta property=\"og:description\" content=\"[vc_row full_width=&#8220;stretch_row&#8220; css=&#8220;.vc_custom_1574287104825{margin-bottom: 0px !important;}&#8220;][vc_column][\/vc_column][\/vc_row]\" \/>\n<meta property=\"og:url\" content=\"https:\/\/www.doraturamanerbiese.it\/de\/leistungen\/\" \/>\n<meta property=\"og:site_name\" content=\"Doratura Manerbiese\" \/>\n<meta property=\"article:modified_time\" content=\"2020-11-05T16:17:34+00:00\" \/>\n<script type=\"application\/ld+json\" class=\"yoast-schema-graph\">{\"@context\":\"https:\/\/schema.org\",\"@graph\":[{\"@type\":\"Organization\",\"@id\":\"https:\/\/www.doraturamanerbiese.it\/de\/#organization\",\"name\":\"Doratura Manerbiese\",\"url\":\"https:\/\/www.doraturamanerbiese.it\/de\/\",\"sameAs\":[],\"logo\":{\"@type\":\"ImageObject\",\"@id\":\"https:\/\/www.doraturamanerbiese.it\/de\/#logo\",\"inLanguage\":\"de\",\"url\":\"https:\/\/www.doraturamanerbiese.it\/wp-content\/uploads\/2019\/10\/doratura-manerbiese.png\",\"width\":300,\"height\":113,\"caption\":\"Doratura Manerbiese\"},\"image\":{\"@id\":\"https:\/\/www.doraturamanerbiese.it\/de\/#logo\"}},{\"@type\":\"WebSite\",\"@id\":\"https:\/\/www.doraturamanerbiese.it\/de\/#website\",\"url\":\"https:\/\/www.doraturamanerbiese.it\/de\/\",\"name\":\"Doratura Manerbiese\",\"description\":\"Trattamenti galvanici a Brescia\",\"publisher\":{\"@id\":\"https:\/\/www.doraturamanerbiese.it\/de\/#organization\"},\"potentialAction\":[{\"@type\":\"SearchAction\",\"target\":\"https:\/\/www.doraturamanerbiese.it\/de\/?s={search_term_string}\",\"query-input\":\"required name=search_term_string\"}],\"inLanguage\":\"de\"},{\"@type\":\"WebPage\",\"@id\":\"https:\/\/www.doraturamanerbiese.it\/de\/leistungen\/#webpage\",\"url\":\"https:\/\/www.doraturamanerbiese.it\/de\/leistungen\/\",\"name\":\"Leistungen - Doratura Manerbiese\",\"isPartOf\":{\"@id\":\"https:\/\/www.doraturamanerbiese.it\/de\/#website\"},\"datePublished\":\"2017-11-22T06:32:58+00:00\",\"dateModified\":\"2020-11-05T16:17:34+00:00\",\"inLanguage\":\"de\",\"potentialAction\":[{\"@type\":\"ReadAction\",\"target\":[\"https:\/\/www.doraturamanerbiese.it\/de\/leistungen\/\"]}]}]}<\/script>\n<!-- \/ Yoast SEO Premium plugin. -->","_links":{"self":[{"href":"https:\/\/www.doraturamanerbiese.it\/de\/wp-json\/wp\/v2\/pages\/2229","targetHints":{"allow":["GET"]}}],"collection":[{"href":"https:\/\/www.doraturamanerbiese.it\/de\/wp-json\/wp\/v2\/pages"}],"about":[{"href":"https:\/\/www.doraturamanerbiese.it\/de\/wp-json\/wp\/v2\/types\/page"}],"author":[{"embeddable":true,"href":"https:\/\/www.doraturamanerbiese.it\/de\/wp-json\/wp\/v2\/users\/1"}],"replies":[{"embeddable":true,"href":"https:\/\/www.doraturamanerbiese.it\/de\/wp-json\/wp\/v2\/comments?post=2229"}],"version-history":[{"count":4,"href":"https:\/\/www.doraturamanerbiese.it\/de\/wp-json\/wp\/v2\/pages\/2229\/revisions"}],"predecessor-version":[{"id":2411,"href":"https:\/\/www.doraturamanerbiese.it\/de\/wp-json\/wp\/v2\/pages\/2229\/revisions\/2411"}],"wp:attachment":[{"href":"https:\/\/www.doraturamanerbiese.it\/de\/wp-json\/wp\/v2\/media?parent=2229"}],"wp:term":[{"taxonomy":"post_tag","embeddable":true,"href":"https:\/\/www.doraturamanerbiese.it\/de\/wp-json\/wp\/v2\/tags?post=2229"}],"curies":[{"name":"wp","href":"https:\/\/api.w.org\/{rel}","templated":true}]}}