{"id":2252,"date":"2017-11-22T12:21:58","date_gmt":"2017-11-22T11:21:58","guid":{"rendered":"https:\/\/www.doraturamanerbiese.it\/argentatura-metalli\/"},"modified":"2020-11-05T17:11:32","modified_gmt":"2020-11-05T16:11:32","slug":"silber","status":"publish","type":"page","link":"https:\/\/www.doraturamanerbiese.it\/de\/silber\/","title":{"rendered":"Silber"},"content":{"rendered":"<div class=\"wpb-content-wrapper\"><p>[vc_row css=&#8220;.vc_custom_1574204206449{margin-bottom: 0px !important;padding-top: 80px !important;}&#8220;][vc_column width=&#8220;1\/2&#8243;][vc_column_text]Die <strong>Versilberung ist eine galvanische Behandlung<\/strong>, die unterteilt wird in:<\/p>\n<ul class=\"list\">\n<li><i class=\"icon-ok-sign\"><\/i>Dekorative Versilberung: sie wird auf Kunstgegenst\u00e4nden im Allgemeinen durchgef\u00fchrt<\/li>\n<li><i class=\"icon-ok-sign\"><\/i>Technische Versilberung: auf elektromechanischen Teilen, Kupferkontakten, Stahlmuttern<\/li>\n<li><i class=\"icon-ok-sign\"><\/i>Selektive Versilberung: das Silber wird gezielt auf vom Kunden gew\u00fcnschten Teilen abgeschieden.<\/li>\n<\/ul>\n<p>Es wird sowohl f\u00fcr dekorative als auch f\u00fcr funktionelle Zwecke ausgef\u00fchrt und wird auch in der Elektrotechnik angewendet, um elektrische Kontakte zu f\u00f6rdern und dick f\u00fcr elektromechanische Details.[\/vc_column_text][\/vc_column][vc_column width=&#8220;1\/2&#8243;]<div class=\"gem-image gem-wrapbox gem-wrapbox-style-default gem-wrapbox-position-below  thegem-custom-69e2fa08115717087\"  style=\"\" ><div class=\"gem-wrapbox-inner \" ><a href=\"https:\/\/www.doraturamanerbiese.it\/wp-content\/uploads\/2019\/11\/argentatura-doratura-manerbiese.jpg\" class=\"fancybox\"><img class=\"gem-wrapbox-element img-responsive\" src=\"https:\/\/www.doraturamanerbiese.it\/wp-content\/uploads\/2019\/11\/argentatura-doratura-manerbiese.jpg\" alt=\"\"\/><\/a><\/div><style type=\"text\/css\">.thegem-custom-69e2fa08115717087.gem-image a:hover img {filter: brightness( 100% ) contrast( 100% ) saturate( 100% ) blur( 0px ) hue-rotate( 0deg );}<\/style><\/div>[\/vc_column][\/vc_row][vc_row][vc_column]<div class=\"clearboth\"><\/div><style>#thegem-divider-69e2fa08116b0 {margin-top: 20px !important;}<\/style><div id=\"thegem-divider-69e2fa08116b0\" class=\"gem-divider  \" style=\"\" ><\/div><div style='background-color: #f2f8fc; color: #2c2c2c; '  class=\"gem-quote gem-quote-style-1 gem-quote-no-paddings custom-color-blockqute-mark-added \" ><blockquote style='color: #2c2c2c ; border-color:  ' ><\/p>\n<div class=\"title-h5\">WIR ZERTIFIZIEREN DIE DICKE UND HAERTE DER ABLAGERUNGEN AUF DEN VON UNS BEHANDELTEN OBERFLAECHEN.<\/div>\n<p><\/blockquote><span style=color:#fbcf00;  class=\"custom-color-blockqute-mark\">&#xe60c;<\/span><\/div><div class=\"clearboth\"><\/div><style>#thegem-divider-69e2fa0811704 {margin-top: -40px !important;}<\/style><div id=\"thegem-divider-69e2fa0811704\" class=\"gem-divider  \" style=\"\" ><\/div>[\/vc_column][\/vc_row][vc_row el_class=&#8220;mobile-reverse&#8220;][vc_column width=&#8220;1\/2&#8243;]<div class=\"gem-image gem-wrapbox gem-wrapbox-style-default gem-wrapbox-position-below  thegem-custom-69e2fa081172c8758\"  style=\"\" ><div class=\"gem-wrapbox-inner \" ><a href=\"https:\/\/www.doraturamanerbiese.it\/wp-content\/uploads\/2019\/11\/argentatura-raccordiera.jpg\" class=\"fancybox\"><img class=\"gem-wrapbox-element img-responsive\" src=\"https:\/\/www.doraturamanerbiese.it\/wp-content\/uploads\/2019\/11\/argentatura-raccordiera.jpg\" alt=\"\"\/><\/a><\/div><style type=\"text\/css\">.thegem-custom-69e2fa081172c8758.gem-image a:hover img {filter: brightness( 100% ) contrast( 100% ) saturate( 100% ) blur( 0px ) hue-rotate( 0deg );}<\/style><\/div><div class=\"gem-image gem-wrapbox gem-wrapbox-style-default gem-wrapbox-position-below  thegem-custom-69e2fa08118275021\"  style=\"\" ><div class=\"gem-wrapbox-inner \" ><a href=\"https:\/\/www.doraturamanerbiese.it\/wp-content\/uploads\/2019\/11\/argentatura-selettiva-dadi-acciaio.jpg\" class=\"fancybox\"><img class=\"gem-wrapbox-element img-responsive\" src=\"https:\/\/www.doraturamanerbiese.it\/wp-content\/uploads\/2019\/11\/argentatura-selettiva-dadi-acciaio.jpg\" alt=\"\"\/><\/a><\/div><style type=\"text\/css\">.thegem-custom-69e2fa08118275021.gem-image a:hover img {filter: brightness( 100% ) contrast( 100% ) saturate( 100% ) blur( 0px ) hue-rotate( 0deg );}<\/style><\/div>[\/vc_column][vc_column width=&#8220;1\/2&#8243;][vc_column_text]Die <strong>Eigenschaften der Beschichtungen<\/strong> (H\u00e4rte, Dicke, Farbe, kristallines Korn usw. ). sind strikt abh\u00e4ngig von der Beschaffenheit des Badezimmers, der Temperatur, den elektrischen Bedingungen und einem eventuellen mechanischen Geh\u00e4use.<br \/>\nSilberablagerungen sind in der Regel milchig, samtig, leicht zu polieren.<\/p>\n<p>Unter den galvanischen Behandlungen zeichnet sich die Versilberung durch ihre Vielseitigkeit in der Anwendung aus: Mit der Abscheidung einer d\u00fcnnen Silberschicht auf dem (haupts\u00e4chlich metallischen) Tr\u00e4ger wird die behandelte Oberfl\u00e4che gl\u00e4nzend und gl\u00e4nzend, weshalb die Versilberung h\u00e4ufig zur Versch\u00f6nerung von Gegenst\u00e4nden verwendet wird.<\/p>\n<p>Neben der Dekoration findet Silber auch in der Elektrotechnik Verwendung, da es aufgrund seiner leitenden Eigenschaften ideal f\u00fcr die Herstellung von elektrischen Kontakten ist; Silber verleiht der Oberfl\u00e4che eine reflektierende Kraft, die besonders in der Optik gesch\u00e4tzt wird; wenn die Behandlung nur einige Teile der Oberfl\u00e4che betrifft, wird es als selektives Silber bezeichnet.<\/p>\n<p>Um die Qualit\u00e4t ihrer Versilberung zu best\u00e4tigen, stellt Doratura Manerbese Zertifikate aus, die Informationen \u00fcber die Dicke und H\u00e4rte der behandelten Materialien enthalten.[\/vc_column_text][\/vc_column][\/vc_row][vc_row][vc_column][vc_column_text]<\/p>\n<h2 style=\"text-align: center;\">Andere Dienste<\/h2>\n<p>[\/vc_column_text][vc_basic_grid post_type=&#8220;page&#8220; max_items=&#8220;4&#8243; element_width=&#8220;3&#8243; orderby=&#8220;title&#8220; order=&#8220;ASC&#8220; item=&#8220;none&#8220; grid_id=&#8220;vc_gid:1604564494965-d5a6a247-bda5-7&#8243; exclude=&#8220;1173, 985, 1157, 415, 280, 93, 1568, 1571&#8243; taxonomies=&#8220;71&#8243;][\/vc_column][\/vc_row][vc_row el_id=&#8220;sez-contatti&#8220;][vc_column css=&#8220;.vc_custom_1550063105290{margin-top: -2px !important;}&#8220;]<div id=\"fullwidth-block-69e2fa0811922\" class=\"fullwidth-block clearfix\"  style=\"background-color: #fbba00;\"><script type=\"text\/javascript\">if (typeof(gem_fix_fullwidth_position) == \"function\") { gem_fix_fullwidth_position(document.getElementById(\"fullwidth-block-69e2fa0811922\")); }<\/script><div class=\"fullwidth-block-inner\">[vc_row_inner equal_height=&#8220;yes&#8220; content_placement=&#8220;middle&#8220; css=&#8220;.vc_custom_1530776936816{margin-right: 0px !important;margin-left: 0px !important;}&#8220; el_class=&#8220;custom-title-margin&#8220;][vc_column_inner css=&#8220;.vc_custom_1572991029672{padding-right: 120px !important;background-color: #57585e !important;background-position: center !important;background-repeat: no-repeat !important;background-size: cover !important;}&#8220; offset=&#8220;vc_col-md-7&#8243;]<div class=\"clearboth\"><\/div><style>#thegem-divider-69e2fa0811984 {margin-top: 25px !important;}<\/style><div id=\"thegem-divider-69e2fa0811984\" class=\"gem-divider  \" style=\"\" ><\/div>[vc_column_text]<\/p>\n<div class=\"title-h3\" style=\"text-align: right; max-width: 680px; float: right;\"><span class=\"light\" style=\"color: #ffffff;\">DAS MANERBISCHE PERSONAL IST BEREIT, JEDE FRAGE ZU IHREM<\/span><br \/>\n<span style=\"color: #ffffff;\">PROJEKT ZU BEANTWORTEN<\/span><\/div>\n<p>[\/vc_column_text]<div class=\"clearboth\"><\/div><style>#thegem-divider-69e2fa08119b4 {margin-top: 60px !important;}<\/style><div id=\"thegem-divider-69e2fa08119b4\" class=\"gem-divider  \" style=\"\" ><\/div>[\/vc_column_inner][vc_column_inner css=&#8220;.vc_custom_1530775543047{padding-left: 100px !important;}&#8220; offset=&#8220;vc_col-md-5&#8243;]<div class=\"clearboth\"><\/div><style>#thegem-divider-69e2fa08119d5 {margin-top: 65px !important;}<\/style><div id=\"thegem-divider-69e2fa08119d5\" class=\"gem-divider  \" style=\"\" ><\/div><style type=\"text\/css\">.thegem-button-69e2fa0811a568302 .gem-button svg {fill: #ffffff;}.thegem-button-69e2fa0811a568302 .gem-button:hover svg {fill: #fbba00;}<\/style><div class=\"gem-button-container gem-button-position-left thegem-button-69e2fa0811a568302    \"  ><a title=\"Contatti\" class=\"gem-button gem-button-size-medium gem-button-style-outline gem-button-text-weight-normal gem-button-border-2\" data-ll-effect=\"drop-right-without-wrap\" style=\"border-radius: 3px;border-color: #ffffff;color: #ffffff;\" onmouseleave=\"this.style.borderColor='#ffffff';this.style.backgroundColor='transparent';this.style.color='#ffffff';\" onmouseenter=\"this.style.borderColor='#ffffff';this.style.backgroundColor='#ffffff';this.style.color='#fbba00';\" href=\"https:\/\/www.doraturamanerbiese.it\/de\/kontakte\/\" target=\"_self\">Kontaktieren Sie uns<\/a><\/div> <div class=\"clearboth\"><\/div><style>#thegem-divider-69e2fa0811a95 {margin-top: 30px !important;}<\/style><div id=\"thegem-divider-69e2fa0811a95\" class=\"gem-divider  \" style=\"\" ><\/div>[\/vc_column_inner][\/vc_row_inner]<\/div><\/div>[\/vc_column][\/vc_row]<\/p>\n<\/div>","protected":false},"excerpt":{"rendered":"<p>[vc_row css=&#8220;.vc_custom_1574204206449{margin-bottom: 0px !important;padding-top: 80px !important;}&#8220;][vc_column width=&#8220;1\/2&#8243;][vc_column_text]Die Versilberung ist eine galvanische Behandlung, die unterteilt wird in: Dekorative Versilberung: sie wird&#8230;<\/p>\n","protected":false},"author":1,"featured_media":2581,"parent":0,"menu_order":-96,"comment_status":"closed","ping_status":"closed","template":"","meta":{"footnotes":""},"tags":[71],"class_list":{"0":"post-2252","1":"page","2":"type-page","3":"status-publish","4":"has-post-thumbnail","6":"tag-servizi-de"},"yoast_head":"<!-- This site is optimized with the Yoast SEO Premium plugin v15.1.2 - https:\/\/yoast.com\/wordpress\/plugins\/seo\/ -->\n<title>Versilberung auf Metall in Brescia, Milano und ganz Italien<\/title>\n<meta name=\"description\" content=\"Spezialisiert auf Versilberung von Metalloberfl\u00e4chen wie Ketten, Gegenst\u00e4nde, mechanischen und metallischen Teilen\" \/>\n<meta name=\"robots\" content=\"index, follow, max-snippet:-1, max-image-preview:large, max-video-preview:-1\" \/>\n<link rel=\"canonical\" href=\"https:\/\/www.doraturamanerbiese.it\/de\/silber\/\" \/>\n<meta property=\"og:locale\" content=\"de_DE\" \/>\n<meta property=\"og:type\" content=\"article\" \/>\n<meta property=\"og:title\" content=\"Versilberung auf Metall in Brescia, Milano und ganz Italien\" \/>\n<meta property=\"og:description\" content=\"Spezialisiert auf Versilberung von Metalloberfl\u00e4chen wie Ketten, Gegenst\u00e4nde, mechanischen und metallischen Teilen\" \/>\n<meta property=\"og:url\" content=\"https:\/\/www.doraturamanerbiese.it\/de\/silber\/\" \/>\n<meta property=\"og:site_name\" content=\"Doratura Manerbiese\" \/>\n<meta property=\"article:modified_time\" content=\"2020-11-05T16:11:32+00:00\" \/>\n<meta property=\"og:image\" content=\"https:\/\/www.doraturamanerbiese.it\/wp-content\/uploads\/2019\/11\/argentatura-doratura-manerbiese.jpg\" \/>\n\t<meta property=\"og:image:width\" content=\"1920\" \/>\n\t<meta property=\"og:image:height\" content=\"1272\" \/>\n<script type=\"application\/ld+json\" class=\"yoast-schema-graph\">{\"@context\":\"https:\/\/schema.org\",\"@graph\":[{\"@type\":\"Organization\",\"@id\":\"https:\/\/www.doraturamanerbiese.it\/de\/#organization\",\"name\":\"Doratura Manerbiese\",\"url\":\"https:\/\/www.doraturamanerbiese.it\/de\/\",\"sameAs\":[],\"logo\":{\"@type\":\"ImageObject\",\"@id\":\"https:\/\/www.doraturamanerbiese.it\/de\/#logo\",\"inLanguage\":\"de\",\"url\":\"https:\/\/www.doraturamanerbiese.it\/wp-content\/uploads\/2019\/10\/doratura-manerbiese.png\",\"width\":300,\"height\":113,\"caption\":\"Doratura Manerbiese\"},\"image\":{\"@id\":\"https:\/\/www.doraturamanerbiese.it\/de\/#logo\"}},{\"@type\":\"WebSite\",\"@id\":\"https:\/\/www.doraturamanerbiese.it\/de\/#website\",\"url\":\"https:\/\/www.doraturamanerbiese.it\/de\/\",\"name\":\"Doratura Manerbiese\",\"description\":\"Trattamenti galvanici a Brescia\",\"publisher\":{\"@id\":\"https:\/\/www.doraturamanerbiese.it\/de\/#organization\"},\"potentialAction\":[{\"@type\":\"SearchAction\",\"target\":\"https:\/\/www.doraturamanerbiese.it\/de\/?s={search_term_string}\",\"query-input\":\"required name=search_term_string\"}],\"inLanguage\":\"de\"},{\"@type\":\"ImageObject\",\"@id\":\"https:\/\/www.doraturamanerbiese.it\/de\/silber\/#primaryimage\",\"inLanguage\":\"de\",\"url\":\"https:\/\/www.doraturamanerbiese.it\/wp-content\/uploads\/2024\/10\/argentatura-selettiva-002.jpg\",\"width\":1200,\"height\":1600,\"caption\":\"Argentatura selettiva\"},{\"@type\":\"WebPage\",\"@id\":\"https:\/\/www.doraturamanerbiese.it\/de\/silber\/#webpage\",\"url\":\"https:\/\/www.doraturamanerbiese.it\/de\/silber\/\",\"name\":\"Versilberung auf Metall in Brescia, Milano und ganz Italien\",\"isPartOf\":{\"@id\":\"https:\/\/www.doraturamanerbiese.it\/de\/#website\"},\"primaryImageOfPage\":{\"@id\":\"https:\/\/www.doraturamanerbiese.it\/de\/silber\/#primaryimage\"},\"datePublished\":\"2017-11-22T11:21:58+00:00\",\"dateModified\":\"2020-11-05T16:11:32+00:00\",\"description\":\"Spezialisiert auf Versilberung von Metalloberfl\\u00e4chen wie Ketten, Gegenst\\u00e4nde, mechanischen und metallischen Teilen\",\"inLanguage\":\"de\",\"potentialAction\":[{\"@type\":\"ReadAction\",\"target\":[\"https:\/\/www.doraturamanerbiese.it\/de\/silber\/\"]}]}]}<\/script>\n<!-- \/ Yoast SEO Premium plugin. -->","_links":{"self":[{"href":"https:\/\/www.doraturamanerbiese.it\/de\/wp-json\/wp\/v2\/pages\/2252","targetHints":{"allow":["GET"]}}],"collection":[{"href":"https:\/\/www.doraturamanerbiese.it\/de\/wp-json\/wp\/v2\/pages"}],"about":[{"href":"https:\/\/www.doraturamanerbiese.it\/de\/wp-json\/wp\/v2\/types\/page"}],"author":[{"embeddable":true,"href":"https:\/\/www.doraturamanerbiese.it\/de\/wp-json\/wp\/v2\/users\/1"}],"replies":[{"embeddable":true,"href":"https:\/\/www.doraturamanerbiese.it\/de\/wp-json\/wp\/v2\/comments?post=2252"}],"version-history":[{"count":8,"href":"https:\/\/www.doraturamanerbiese.it\/de\/wp-json\/wp\/v2\/pages\/2252\/revisions"}],"predecessor-version":[{"id":2400,"href":"https:\/\/www.doraturamanerbiese.it\/de\/wp-json\/wp\/v2\/pages\/2252\/revisions\/2400"}],"wp:featuredmedia":[{"embeddable":true,"href":"https:\/\/www.doraturamanerbiese.it\/de\/wp-json\/wp\/v2\/media\/2581"}],"wp:attachment":[{"href":"https:\/\/www.doraturamanerbiese.it\/de\/wp-json\/wp\/v2\/media?parent=2252"}],"wp:term":[{"taxonomy":"post_tag","embeddable":true,"href":"https:\/\/www.doraturamanerbiese.it\/de\/wp-json\/wp\/v2\/tags?post=2252"}],"curies":[{"name":"wp","href":"https:\/\/api.w.org\/{rel}","templated":true}]}}