{"id":2255,"date":"2019-12-12T22:04:22","date_gmt":"2019-12-12T21:04:22","guid":{"rendered":"https:\/\/www.doraturamanerbiese.it\/ramatura-metalli\/"},"modified":"2020-11-05T17:13:16","modified_gmt":"2020-11-05T16:13:16","slug":"ramatur","status":"publish","type":"page","link":"https:\/\/www.doraturamanerbiese.it\/de\/ramatur\/","title":{"rendered":"Ramatur"},"content":{"rendered":"<div class=\"wpb-content-wrapper\"><p>[vc_row css=&#8220;.vc_custom_1576184686655{margin-bottom: 40px !important;padding-top: 80px !important;}&#8220;][vc_column width=&#8220;1\/2&#8243;][vc_column_text]<strong>Schutzbearbeitung f\u00fcr Metalle<\/strong> spielt eine sehr verbreitete und wichtige Rolle, da sie nicht nur eine selbstsch\u00fctzende Beschichtung bietet, sondern auch eine optimale Zwischenschicht f\u00fcr die sp\u00e4tere Verarbeitung darstellt: die Nichelaturierung.<\/p>\n<p>Kupfer-Nickel-Chrom-Eisen-Lager sind daher bei diesem Verfahren von sehr <strong>hohem Schutzwert<\/strong> und daher f\u00fcr jedes Merkmal empfehlenswert, so dass sie f\u00fcr jeden <strong>Industriezweig anwendbar<\/strong> sind.<\/p>\n<p>Die <strong>Verkupferung<\/strong>\u00a0wird h\u00e4ufig als\u00a0<strong>Zwischenschichtschicht<\/strong>\u00a0nella\u00a0<a title=\"NICHELATURA\" href=\"https:\/\/www.doraturamanerbiese.it\/de\/nichelierung\/\">Vernickelung<\/a>,\u00a0<a title=\"DORATURA\" href=\"https:\/\/www.doraturamanerbiese.it\/de\/vergoldung\/\">Vergoldung<\/a>\u00a0und\u00a0<a title=\"ARGENTATURA\" href=\"https:\/\/www.doraturamanerbiese.it\/de\/silber\/\">Versilberung<\/a>\u00a0von Aluminium und seinen Legierungen, von Zink und seinen Legierungen, von Legierungen mit hohem Blei-, Zinn- oder Antimonanteil verwendet, bei denen die Elektrodeposition anderer Metalle ohne Beeintr\u00e4chtigung der Adh\u00e4sion nicht m\u00f6glich w\u00e4re.<\/p>\n<p>Die Verkupferung ist eine galvanische Zwischenbehandlung, die vor einer weiteren Behandlung, wie z. B. Vernickeln oder Versilbern, auf Aluminium- und Zinkst\u00fccken oder auf Legierungen, bei denen Blei, Zinn oder Antimon in hohen Prozents\u00e4tzen vorhanden sind, durchgef\u00fchrt wird. Die Verkupferung allein garantiert keinen ausreichenden Schutz der Oberfl\u00e4che, was durch die Kombination von Kupfer-Nickel-Chrom erreicht werden kann, deren Ergebnis &#8211; was den Schutz betrifft &#8211; wirklich von h\u00f6chstem Niveau ist: deshalb wird sie in praktisch allen Industriebereichen eingesetzt. Um ein St\u00fcck einer Verkupferung zu unterziehen, sind die am h\u00e4ufigsten verwendeten Techniken Cyanidbad und Sulfatbad, die aus Gr\u00fcnden der Preis- und chemischen Stabilit\u00e4t oft bevorzugt werden.[\/vc_column_text][\/vc_column][vc_column width=&#8220;1\/2&#8243;]<div class=\"gem-image gem-wrapbox gem-wrapbox-style-default gem-wrapbox-position-below  thegem-custom-69e2fa089a78f6072\"  style=\"\" ><div class=\"gem-wrapbox-inner \" ><a href=\"https:\/\/www.doraturamanerbiese.it\/wp-content\/uploads\/2019\/12\/ramatura-metalli.jpg\" class=\"fancybox\"><img class=\"gem-wrapbox-element img-responsive\" src=\"https:\/\/www.doraturamanerbiese.it\/wp-content\/uploads\/2019\/12\/ramatura-metalli.jpg\" alt=\"\"\/><\/a><\/div><style type=\"text\/css\">.thegem-custom-69e2fa089a78f6072.gem-image a:hover img {filter: brightness( 100% ) contrast( 100% ) saturate( 100% ) blur( 0px ) hue-rotate( 0deg );}<\/style><\/div>[\/vc_column][\/vc_row][vc_row][vc_column]<div class=\"clearboth\"><\/div><style>#thegem-divider-69e2fa089a8c2 {margin-top: 20px !important;}<\/style><div id=\"thegem-divider-69e2fa089a8c2\" class=\"gem-divider  \" style=\"\" ><\/div><div style='background-color: #f2f8fc; color: #2c2c2c; '  class=\"gem-quote gem-quote-style-1 gem-quote-no-paddings custom-color-blockqute-mark-added \" ><blockquote style='color: #2c2c2c ; border-color:  ' ><\/p>\n<div class=\"title-h5\">WIR ZERTIFIZIEREN DIE DICKE UND HAERTE DER ABLAGERUNGEN AUF DEN VON UNS BEHANDELTEN OBERFLAECHEN<\/div>\n<p><\/blockquote><span style=color:#fbcf00;  class=\"custom-color-blockqute-mark\">&#xe60c;<\/span><\/div><div class=\"clearboth\"><\/div><style>#thegem-divider-69e2fa089a923 {margin-top: -40px !important;}<\/style><div id=\"thegem-divider-69e2fa089a923\" class=\"gem-divider  \" style=\"\" ><\/div>[\/vc_column][\/vc_row][vc_row][vc_column][vc_column_text]<\/p>\n<h2 style=\"text-align: center;\">Andere Dienste<\/h2>\n<p>[\/vc_column_text][vc_basic_grid post_type=&#8220;page&#8220; max_items=&#8220;4&#8243; element_width=&#8220;3&#8243; orderby=&#8220;title&#8220; order=&#8220;ASC&#8220; item=&#8220;none&#8220; grid_id=&#8220;vc_gid:1604564690705-47afe405-2a97-9&#8243; exclude=&#8220;1173, 985, 1157, 415, 280, 93, 1568, 1571&#8243; taxonomies=&#8220;71&#8243;][\/vc_column][\/vc_row][vc_row el_id=&#8220;sez-contatti&#8220;][vc_column css=&#8220;.vc_custom_1550063105290{margin-top: -2px !important;}&#8220;]<div id=\"fullwidth-block-69e2fa089a958\" class=\"fullwidth-block clearfix\"  style=\"background-color: #fbba00;\"><script type=\"text\/javascript\">if (typeof(gem_fix_fullwidth_position) == \"function\") { gem_fix_fullwidth_position(document.getElementById(\"fullwidth-block-69e2fa089a958\")); }<\/script><div class=\"fullwidth-block-inner\">[vc_row_inner equal_height=&#8220;yes&#8220; content_placement=&#8220;middle&#8220; css=&#8220;.vc_custom_1530776936816{margin-right: 0px !important;margin-left: 0px !important;}&#8220; el_class=&#8220;custom-title-margin&#8220;][vc_column_inner css=&#8220;.vc_custom_1572991029672{padding-right: 120px !important;background-color: #57585e !important;background-position: center !important;background-repeat: no-repeat !important;background-size: cover !important;}&#8220; offset=&#8220;vc_col-md-7&#8243;]<div class=\"clearboth\"><\/div><style>#thegem-divider-69e2fa089a9b8 {margin-top: 25px !important;}<\/style><div id=\"thegem-divider-69e2fa089a9b8\" class=\"gem-divider  \" style=\"\" ><\/div>[vc_column_text]<\/p>\n<div class=\"title-h3\" style=\"text-align: right; max-width: 680px; float: right;\"><span class=\"light\" style=\"color: #ffffff;\">DAS MANERBISCHE PERSONAL IST BEREIT, JEDE FRAGE ZU IHREM<\/span><br \/>\n<span style=\"color: #ffffff;\">PROJEKT ZU BEANTWORTEN<\/span><\/div>\n<p>[\/vc_column_text]<div class=\"clearboth\"><\/div><style>#thegem-divider-69e2fa089a9dc {margin-top: 60px !important;}<\/style><div id=\"thegem-divider-69e2fa089a9dc\" class=\"gem-divider  \" style=\"\" ><\/div>[\/vc_column_inner][vc_column_inner css=&#8220;.vc_custom_1530775543047{padding-left: 100px !important;}&#8220; offset=&#8220;vc_col-md-5&#8243;]<div class=\"clearboth\"><\/div><style>#thegem-divider-69e2fa089a9fb {margin-top: 65px !important;}<\/style><div id=\"thegem-divider-69e2fa089a9fb\" class=\"gem-divider  \" style=\"\" ><\/div><style type=\"text\/css\">.thegem-button-69e2fa089aa851272 .gem-button svg {fill: #ffffff;}.thegem-button-69e2fa089aa851272 .gem-button:hover svg {fill: #fbba00;}<\/style><div class=\"gem-button-container gem-button-position-left thegem-button-69e2fa089aa851272    \"  ><a title=\"Contatti\" class=\"gem-button gem-button-size-medium gem-button-style-outline gem-button-text-weight-normal gem-button-border-2\" data-ll-effect=\"drop-right-without-wrap\" style=\"border-radius: 3px;border-color: #ffffff;color: #ffffff;\" onmouseleave=\"this.style.borderColor='#ffffff';this.style.backgroundColor='transparent';this.style.color='#ffffff';\" onmouseenter=\"this.style.borderColor='#ffffff';this.style.backgroundColor='#ffffff';this.style.color='#fbba00';\" href=\"https:\/\/www.doraturamanerbiese.it\/de\/kontakte\/\" target=\"_self\">Kontaktieren Sie uns<\/a><\/div> <div class=\"clearboth\"><\/div><style>#thegem-divider-69e2fa089aac3 {margin-top: 30px !important;}<\/style><div id=\"thegem-divider-69e2fa089aac3\" class=\"gem-divider  \" style=\"\" ><\/div>[\/vc_column_inner][\/vc_row_inner]<\/div><\/div>[\/vc_column][\/vc_row]<\/p>\n<\/div>","protected":false},"excerpt":{"rendered":"<p>[vc_row css=&#8220;.vc_custom_1576184686655{margin-bottom: 40px !important;padding-top: 80px !important;}&#8220;][vc_column width=&#8220;1\/2&#8243;][vc_column_text]Schutzbearbeitung f\u00fcr Metalle spielt eine sehr verbreitete und wichtige Rolle, da sie nicht nur&#8230;<\/p>\n","protected":false},"author":1,"featured_media":1934,"parent":0,"menu_order":-96,"comment_status":"closed","ping_status":"closed","template":"","meta":{"footnotes":""},"tags":[71],"class_list":{"0":"post-2255","1":"page","2":"type-page","3":"status-publish","4":"has-post-thumbnail","6":"tag-servizi-de"},"yoast_head":"<!-- This site is optimized with the Yoast SEO Premium plugin v15.1.2 - https:\/\/yoast.com\/wordpress\/plugins\/seo\/ -->\n<title>Verkupferung von Metallen in Brescia, Bergamo, Milano und ganz Italien<\/title>\n<meta name=\"description\" content=\"Doratura Manerbiese ist auf die Verkupferung von Metalloberfl\u00e4chen spezialisiert: Es ist ein Prozess der die Vernickelung, Vergoldung und Versilberung einf\u00fchrt.\" \/>\n<meta name=\"robots\" content=\"index, follow, max-snippet:-1, max-image-preview:large, max-video-preview:-1\" \/>\n<link rel=\"canonical\" href=\"https:\/\/www.doraturamanerbiese.it\/de\/ramatur\/\" \/>\n<meta property=\"og:locale\" content=\"de_DE\" \/>\n<meta property=\"og:type\" content=\"article\" \/>\n<meta property=\"og:title\" content=\"Verkupferung von Metallen in Brescia, Bergamo, Milano und ganz Italien\" \/>\n<meta property=\"og:description\" content=\"Doratura Manerbiese ist auf die Verkupferung von Metalloberfl\u00e4chen spezialisiert: Es ist ein Prozess der die Vernickelung, Vergoldung und Versilberung einf\u00fchrt.\" \/>\n<meta property=\"og:url\" content=\"https:\/\/www.doraturamanerbiese.it\/de\/ramatur\/\" \/>\n<meta property=\"og:site_name\" content=\"Doratura Manerbiese\" \/>\n<meta property=\"article:modified_time\" content=\"2020-11-05T16:13:16+00:00\" \/>\n<meta property=\"og:image\" content=\"https:\/\/www.doraturamanerbiese.it\/wp-content\/uploads\/2019\/12\/ramatura-metalli.jpg\" \/>\n\t<meta property=\"og:image:width\" content=\"1024\" \/>\n\t<meta property=\"og:image:height\" content=\"683\" \/>\n<script type=\"application\/ld+json\" class=\"yoast-schema-graph\">{\"@context\":\"https:\/\/schema.org\",\"@graph\":[{\"@type\":\"Organization\",\"@id\":\"https:\/\/www.doraturamanerbiese.it\/de\/#organization\",\"name\":\"Doratura Manerbiese\",\"url\":\"https:\/\/www.doraturamanerbiese.it\/de\/\",\"sameAs\":[],\"logo\":{\"@type\":\"ImageObject\",\"@id\":\"https:\/\/www.doraturamanerbiese.it\/de\/#logo\",\"inLanguage\":\"de\",\"url\":\"https:\/\/www.doraturamanerbiese.it\/wp-content\/uploads\/2019\/10\/doratura-manerbiese.png\",\"width\":300,\"height\":113,\"caption\":\"Doratura Manerbiese\"},\"image\":{\"@id\":\"https:\/\/www.doraturamanerbiese.it\/de\/#logo\"}},{\"@type\":\"WebSite\",\"@id\":\"https:\/\/www.doraturamanerbiese.it\/de\/#website\",\"url\":\"https:\/\/www.doraturamanerbiese.it\/de\/\",\"name\":\"Doratura Manerbiese\",\"description\":\"Trattamenti galvanici a Brescia\",\"publisher\":{\"@id\":\"https:\/\/www.doraturamanerbiese.it\/de\/#organization\"},\"potentialAction\":[{\"@type\":\"SearchAction\",\"target\":\"https:\/\/www.doraturamanerbiese.it\/de\/?s={search_term_string}\",\"query-input\":\"required name=search_term_string\"}],\"inLanguage\":\"de\"},{\"@type\":\"ImageObject\",\"@id\":\"https:\/\/www.doraturamanerbiese.it\/de\/ramatur\/#primaryimage\",\"inLanguage\":\"de\",\"url\":\"https:\/\/www.doraturamanerbiese.it\/wp-content\/uploads\/2019\/12\/ramatura-metalli.jpg\",\"width\":1024,\"height\":683,\"caption\":\"ramatura metalli\"},{\"@type\":\"WebPage\",\"@id\":\"https:\/\/www.doraturamanerbiese.it\/de\/ramatur\/#webpage\",\"url\":\"https:\/\/www.doraturamanerbiese.it\/de\/ramatur\/\",\"name\":\"Verkupferung von Metallen in Brescia, Bergamo, Milano und ganz Italien\",\"isPartOf\":{\"@id\":\"https:\/\/www.doraturamanerbiese.it\/de\/#website\"},\"primaryImageOfPage\":{\"@id\":\"https:\/\/www.doraturamanerbiese.it\/de\/ramatur\/#primaryimage\"},\"datePublished\":\"2019-12-12T21:04:22+00:00\",\"dateModified\":\"2020-11-05T16:13:16+00:00\",\"description\":\"Doratura Manerbiese ist auf die Verkupferung von Metalloberfl\\u00e4chen spezialisiert: Es ist ein Prozess der die Vernickelung, Vergoldung und Versilberung einf\\u00fchrt.\",\"inLanguage\":\"de\",\"potentialAction\":[{\"@type\":\"ReadAction\",\"target\":[\"https:\/\/www.doraturamanerbiese.it\/de\/ramatur\/\"]}]}]}<\/script>\n<!-- \/ Yoast SEO Premium plugin. -->","_links":{"self":[{"href":"https:\/\/www.doraturamanerbiese.it\/de\/wp-json\/wp\/v2\/pages\/2255","targetHints":{"allow":["GET"]}}],"collection":[{"href":"https:\/\/www.doraturamanerbiese.it\/de\/wp-json\/wp\/v2\/pages"}],"about":[{"href":"https:\/\/www.doraturamanerbiese.it\/de\/wp-json\/wp\/v2\/types\/page"}],"author":[{"embeddable":true,"href":"https:\/\/www.doraturamanerbiese.it\/de\/wp-json\/wp\/v2\/users\/1"}],"replies":[{"embeddable":true,"href":"https:\/\/www.doraturamanerbiese.it\/de\/wp-json\/wp\/v2\/comments?post=2255"}],"version-history":[{"count":7,"href":"https:\/\/www.doraturamanerbiese.it\/de\/wp-json\/wp\/v2\/pages\/2255\/revisions"}],"predecessor-version":[{"id":2403,"href":"https:\/\/www.doraturamanerbiese.it\/de\/wp-json\/wp\/v2\/pages\/2255\/revisions\/2403"}],"wp:featuredmedia":[{"embeddable":true,"href":"https:\/\/www.doraturamanerbiese.it\/de\/wp-json\/wp\/v2\/media\/1934"}],"wp:attachment":[{"href":"https:\/\/www.doraturamanerbiese.it\/de\/wp-json\/wp\/v2\/media?parent=2255"}],"wp:term":[{"taxonomy":"post_tag","embeddable":true,"href":"https:\/\/www.doraturamanerbiese.it\/de\/wp-json\/wp\/v2\/tags?post=2255"}],"curies":[{"name":"wp","href":"https:\/\/api.w.org\/{rel}","templated":true}]}}