{"id":2380,"date":"2019-12-22T11:03:33","date_gmt":"2019-12-22T10:03:33","guid":{"rendered":"https:\/\/www.doraturamanerbiese.it\/privacy-policy\/"},"modified":"2020-11-03T12:08:02","modified_gmt":"2020-11-03T11:08:02","slug":"datenschutz-bestimmungen","status":"publish","type":"page","link":"https:\/\/www.doraturamanerbiese.it\/de\/datenschutz-bestimmungen\/","title":{"rendered":"Datenschutz-Bestimmungen"},"content":{"rendered":"<h2 class=\"titolo\">Datenschutz-Bestimmungen<\/h2>\n<p>Gem\u00e4\u00df Artikel 13 des Datenschutzgesetzes teilen wir Ihnen mit, dass die Firma, die Eigent\u00fcmerin der Website Doratura Manerbiese mit Sitz in Via Lombardia 7 25025 Manerbio (BS) ist, Eigent\u00fcmerin der Datenverarbeitung ist (im Folgenden &#8222;Eigent\u00fcmerin&#8220;). Pers\u00f6nliche Daten werden in \u00dcbereinstimmung mit den Anforderungen der Vertraulichkeit und den am besten geeigneten Sicherheitsma\u00dfnahmen, wie im Datenschutzgesetz angegeben, verarbeitet.<\/p>\n<p>In Ihrer Eigenschaft als betroffene Person wird Ihnen die Aus\u00fcbung der Rechte gem\u00e4\u00df Art. 7 des Gesetzesdekrets 196\/03 garantiert, darunter das Recht, vom Inhaber der Datenverarbeitung eine Best\u00e4tigung \u00fcber die Existenz Ihrer pers\u00f6nlichen Daten und deren Mitteilung in verst\u00e4ndlicher Form zu erhalten, die Methoden und Logik der Verarbeitung zu kennen, die Aktualisierung und Erg\u00e4nzung der Daten, ihre L\u00f6schung oder Umwandlung in anonyme Form zu verlangen, im Falle eines Gesetzesversto\u00dfes, und sich ihrer Verarbeitung zu widersetzen. Diese Rechte k\u00f6nnen jederzeit ausge\u00fcbt werden, indem Sie sich schriftlich an den Inhaber der Datenverarbeitung wenden.<\/p>\n","protected":false},"excerpt":{"rendered":"<p>Datenschutz-Bestimmungen Gem\u00e4\u00df Artikel 13 des Datenschutzgesetzes teilen wir Ihnen mit, dass die Firma, die Eigent\u00fcmerin der Website Doratura Manerbiese mit&#8230;<\/p>\n","protected":false},"author":1,"featured_media":0,"parent":0,"menu_order":0,"comment_status":"closed","ping_status":"closed","template":"","meta":{"footnotes":""},"tags":[],"class_list":["post-2380","page","type-page","status-publish"],"yoast_head":"<!-- This site is optimized with the Yoast SEO Premium plugin v15.1.2 - https:\/\/yoast.com\/wordpress\/plugins\/seo\/ -->\n<title>Datenschutz-Bestimmungen - Doratura Manerbiese<\/title>\n<meta name=\"robots\" content=\"index, follow, max-snippet:-1, max-image-preview:large, max-video-preview:-1\" \/>\n<link rel=\"canonical\" href=\"https:\/\/www.doraturamanerbiese.it\/de\/datenschutz-bestimmungen\/\" \/>\n<meta property=\"og:locale\" content=\"de_DE\" \/>\n<meta property=\"og:type\" content=\"article\" \/>\n<meta property=\"og:title\" content=\"Datenschutz-Bestimmungen - Doratura Manerbiese\" \/>\n<meta property=\"og:description\" content=\"Datenschutz-Bestimmungen Gem\u00e4\u00df Artikel 13 des Datenschutzgesetzes teilen wir Ihnen mit, dass die Firma, die Eigent\u00fcmerin der Website Doratura Manerbiese mit...\" \/>\n<meta property=\"og:url\" content=\"https:\/\/www.doraturamanerbiese.it\/de\/datenschutz-bestimmungen\/\" \/>\n<meta property=\"og:site_name\" content=\"Doratura Manerbiese\" \/>\n<meta property=\"article:modified_time\" content=\"2020-11-03T11:08:02+00:00\" \/>\n<script type=\"application\/ld+json\" class=\"yoast-schema-graph\">{\"@context\":\"https:\/\/schema.org\",\"@graph\":[{\"@type\":\"Organization\",\"@id\":\"https:\/\/www.doraturamanerbiese.it\/de\/#organization\",\"name\":\"Doratura Manerbiese\",\"url\":\"https:\/\/www.doraturamanerbiese.it\/de\/\",\"sameAs\":[],\"logo\":{\"@type\":\"ImageObject\",\"@id\":\"https:\/\/www.doraturamanerbiese.it\/de\/#logo\",\"inLanguage\":\"de\",\"url\":\"https:\/\/www.doraturamanerbiese.it\/wp-content\/uploads\/2019\/10\/doratura-manerbiese.png\",\"width\":300,\"height\":113,\"caption\":\"Doratura Manerbiese\"},\"image\":{\"@id\":\"https:\/\/www.doraturamanerbiese.it\/de\/#logo\"}},{\"@type\":\"WebSite\",\"@id\":\"https:\/\/www.doraturamanerbiese.it\/de\/#website\",\"url\":\"https:\/\/www.doraturamanerbiese.it\/de\/\",\"name\":\"Doratura Manerbiese\",\"description\":\"Trattamenti galvanici a Brescia\",\"publisher\":{\"@id\":\"https:\/\/www.doraturamanerbiese.it\/de\/#organization\"},\"potentialAction\":[{\"@type\":\"SearchAction\",\"target\":\"https:\/\/www.doraturamanerbiese.it\/de\/?s={search_term_string}\",\"query-input\":\"required name=search_term_string\"}],\"inLanguage\":\"de\"},{\"@type\":\"WebPage\",\"@id\":\"https:\/\/www.doraturamanerbiese.it\/de\/datenschutz-bestimmungen\/#webpage\",\"url\":\"https:\/\/www.doraturamanerbiese.it\/de\/datenschutz-bestimmungen\/\",\"name\":\"Datenschutz-Bestimmungen - Doratura Manerbiese\",\"isPartOf\":{\"@id\":\"https:\/\/www.doraturamanerbiese.it\/de\/#website\"},\"datePublished\":\"2019-12-22T10:03:33+00:00\",\"dateModified\":\"2020-11-03T11:08:02+00:00\",\"inLanguage\":\"de\",\"potentialAction\":[{\"@type\":\"ReadAction\",\"target\":[\"https:\/\/www.doraturamanerbiese.it\/de\/datenschutz-bestimmungen\/\"]}]}]}<\/script>\n<!-- \/ Yoast SEO Premium plugin. -->","_links":{"self":[{"href":"https:\/\/www.doraturamanerbiese.it\/de\/wp-json\/wp\/v2\/pages\/2380","targetHints":{"allow":["GET"]}}],"collection":[{"href":"https:\/\/www.doraturamanerbiese.it\/de\/wp-json\/wp\/v2\/pages"}],"about":[{"href":"https:\/\/www.doraturamanerbiese.it\/de\/wp-json\/wp\/v2\/types\/page"}],"author":[{"embeddable":true,"href":"https:\/\/www.doraturamanerbiese.it\/de\/wp-json\/wp\/v2\/users\/1"}],"replies":[{"embeddable":true,"href":"https:\/\/www.doraturamanerbiese.it\/de\/wp-json\/wp\/v2\/comments?post=2380"}],"version-history":[{"count":4,"href":"https:\/\/www.doraturamanerbiese.it\/de\/wp-json\/wp\/v2\/pages\/2380\/revisions"}],"predecessor-version":[{"id":2387,"href":"https:\/\/www.doraturamanerbiese.it\/de\/wp-json\/wp\/v2\/pages\/2380\/revisions\/2387"}],"wp:attachment":[{"href":"https:\/\/www.doraturamanerbiese.it\/de\/wp-json\/wp\/v2\/media?parent=2380"}],"wp:term":[{"taxonomy":"post_tag","embeddable":true,"href":"https:\/\/www.doraturamanerbiese.it\/de\/wp-json\/wp\/v2\/tags?post=2380"}],"curies":[{"name":"wp","href":"https:\/\/api.w.org\/{rel}","templated":true}]}}